{"id":8,"date":"2022-01-10T23:15:57","date_gmt":"2022-01-10T23:15:57","guid":{"rendered":"https:\/\/bloomtest.kobathemes.com\/?page_id=8"},"modified":"2024-02-03T18:35:26","modified_gmt":"2024-02-03T17:35:26","slug":"blog","status":"publish","type":"page","link":"https:\/\/yogvibha.com\/index.php\/blog\/","title":{"rendered":"Blog"},"content":{"rendered":"<p class=\" has-text-align-center has-white-background-color has-background eplus-wrapper\">D\u00e9couvrez les diff\u00e9rentes cat\u00e9gories d&rsquo;articles.<\/p><div class=\" wp-block-columns eplus-wrapper is-layout-flex wp-container-core-columns-is-layout-1 wp-block-columns-is-layout-flex eplus-styles-uid-991d6b\"><div class=\" wp-block-column eplus-wrapper is-layout-flow wp-block-column-is-layout-flow\"><div class=\" edplus_anim-kB4xCb wp-block-cover eplus-wrapper eplus-styles-uid-c732f6\"><span aria-hidden=\"true\" class=\"wp-block-cover__background has-background-dim-20 has-background-dim\"><\/span><img loading=\"lazy\" decoding=\"async\" width=\"800\" height=\"800\" class=\"wp-block-cover__image-background wp-image-4947\" alt=\"\" src=\"https:\/\/yogvibha.com\/wp-content\/uploads\/2024\/01\/1.jpg\" data-object-fit=\"cover\" srcset=\"https:\/\/yogvibha.com\/wp-content\/uploads\/2024\/01\/1.jpg 800w, https:\/\/yogvibha.com\/wp-content\/uploads\/2024\/01\/1-300x300.jpg 300w, https:\/\/yogvibha.com\/wp-content\/uploads\/2024\/01\/1-100x100.jpg 100w, https:\/\/yogvibha.com\/wp-content\/uploads\/2024\/01\/1-600x600.jpg 600w, https:\/\/yogvibha.com\/wp-content\/uploads\/2024\/01\/1-150x150.jpg 150w, https:\/\/yogvibha.com\/wp-content\/uploads\/2024\/01\/1-768x768.jpg 768w\" sizes=\"(max-width: 800px) 100vw, 800px\" \/><div class=\"wp-block-cover__inner-container is-layout-flow wp-block-cover-is-layout-flow\"><h2 class=\" wp-block-heading has-text-align-center has-large-font-size eplus-wrapper\">Yoga<\/h2>\n\n<p class=\" has-text-align-center eplus-wrapper\">Mouvement, respiration, m\u00e9ditation<\/p>\n\n<div style=\"height:30px\" aria-hidden=\"true\" class=\" wp-block-spacer eplus-wrapper\"><\/div>\n\n<div class=\" wp-block-buttons eplus-wrapper is-content-justification-center is-layout-flex wp-container-core-buttons-is-layout-1 wp-block-buttons-is-layout-flex\"><div class=\" wp-block-button eplus-wrapper eplus-styles-uid-82a018\"><a class=\"wp-block-button__link has-background wp-element-button\" href=\"https:\/\/yogvibha.com\/index.php\/category\/yoga\/\" style=\"background-color:#9c7d51\">D\u00e9couvrir<\/a><\/div><\/div><\/div><\/div><\/div>\n\n<div class=\" wp-block-column eplus-wrapper is-layout-flow wp-block-column-is-layout-flow\"><div class=\" edplus_anim-TUFxrE wp-block-cover eplus-wrapper eplus-styles-uid-cb5bdb\"><span aria-hidden=\"true\" class=\"wp-block-cover__background has-background-dim-30 has-background-dim\"><\/span><img loading=\"lazy\" decoding=\"async\" width=\"800\" height=\"800\" class=\"wp-block-cover__image-background wp-image-5029\" alt=\"\" src=\"https:\/\/yogvibha.com\/wp-content\/uploads\/2024\/01\/4-1.jpg\" data-object-fit=\"cover\" srcset=\"https:\/\/yogvibha.com\/wp-content\/uploads\/2024\/01\/4-1.jpg 800w, https:\/\/yogvibha.com\/wp-content\/uploads\/2024\/01\/4-1-300x300.jpg 300w, https:\/\/yogvibha.com\/wp-content\/uploads\/2024\/01\/4-1-100x100.jpg 100w, https:\/\/yogvibha.com\/wp-content\/uploads\/2024\/01\/4-1-600x600.jpg 600w, https:\/\/yogvibha.com\/wp-content\/uploads\/2024\/01\/4-1-150x150.jpg 150w, https:\/\/yogvibha.com\/wp-content\/uploads\/2024\/01\/4-1-768x768.jpg 768w\" sizes=\"(max-width: 800px) 100vw, 800px\" \/><div class=\"wp-block-cover__inner-container is-layout-flow wp-block-cover-is-layout-flow\"><h2 class=\" wp-block-heading has-text-align-center has-large-font-size eplus-wrapper\">Espaces Sacr\u00e9s<\/h2>\n\n<p class=\" has-text-align-center eplus-wrapper\">Cacao sacr\u00e9, cercles de paroles, sonoth\u00e9rapie<\/p>\n\n<div style=\"height:30px\" aria-hidden=\"true\" class=\" wp-block-spacer eplus-wrapper\"><\/div>\n\n<div class=\" wp-block-buttons eplus-wrapper is-content-justification-center is-layout-flex wp-container-core-buttons-is-layout-2 wp-block-buttons-is-layout-flex\"><div class=\" wp-block-button eplus-wrapper eplus-styles-uid-9608cb\"><a class=\"wp-block-button__link has-white-color has-text-color has-background has-link-color wp-element-button\" href=\"https:\/\/yogvibha.com\/index.php\/category\/espaces-sacres\/\" style=\"background-color:#9c7d51\">D\u00e9couvrir<\/a><\/div><\/div><\/div><\/div><\/div><\/div><div style=\"height:50px\" aria-hidden=\"true\" class=\" wp-block-spacer eplus-wrapper\"><\/div><div class=\" wp-block-buttons eplus-wrapper is-content-justification-center is-layout-flex wp-container-core-buttons-is-layout-3 wp-block-buttons-is-layout-flex\"><div class=\" wp-block-button eplus-wrapper eplus-styles-uid-7f1b30\"><a class=\"wp-block-button__link has-background wp-element-button\" style=\"background-color:#9c7d51\">D\u00e9couvrir tous les articles<\/a><\/div><\/div><div style=\"height:100px\" aria-hidden=\"true\" class=\" wp-block-spacer eplus-wrapper eplus-styles-uid-afebcd\"><\/div>","protected":false},"excerpt":{"rendered":"<p>D\u00e9couvrez les diff\u00e9rentes cat\u00e9gories d&rsquo;articles.<\/p>\n","protected":false},"author":1,"featured_media":0,"parent":0,"menu_order":0,"comment_status":"closed","ping_status":"closed","template":"","meta":{"om_disable_all_campaigns":false,"editor_plus_copied_stylings":"{}","_monsterinsights_skip_tracking":false,"_monsterinsights_sitenote_active":false,"_monsterinsights_sitenote_note":"","_monsterinsights_sitenote_category":0,"footnotes":""},"class_list":["post-8","page","type-page","status-publish","hentry"],"aioseo_notices":[],"jetpack_sharing_enabled":true,"_links":{"self":[{"href":"https:\/\/yogvibha.com\/index.php\/wp-json\/wp\/v2\/pages\/8"}],"collection":[{"href":"https:\/\/yogvibha.com\/index.php\/wp-json\/wp\/v2\/pages"}],"about":[{"href":"https:\/\/yogvibha.com\/index.php\/wp-json\/wp\/v2\/types\/page"}],"author":[{"embeddable":true,"href":"https:\/\/yogvibha.com\/index.php\/wp-json\/wp\/v2\/users\/1"}],"replies":[{"embeddable":true,"href":"https:\/\/yogvibha.com\/index.php\/wp-json\/wp\/v2\/comments?post=8"}],"version-history":[{"count":15,"href":"https:\/\/yogvibha.com\/index.php\/wp-json\/wp\/v2\/pages\/8\/revisions"}],"predecessor-version":[{"id":5412,"href":"https:\/\/yogvibha.com\/index.php\/wp-json\/wp\/v2\/pages\/8\/revisions\/5412"}],"wp:attachment":[{"href":"https:\/\/yogvibha.com\/index.php\/wp-json\/wp\/v2\/media?parent=8"}],"curies":[{"name":"wp","href":"https:\/\/api.w.org\/{rel}","templated":true}]}}