{"id":6162,"date":"2024-08-28T17:11:51","date_gmt":"2024-08-28T15:11:51","guid":{"rendered":"https:\/\/yogvibha.com\/?page_id=6162"},"modified":"2024-08-30T12:52:35","modified_gmt":"2024-08-30T10:52:35","slug":"politique-de-confidentialite","status":"publish","type":"page","link":"https:\/\/yogvibha.com\/index.php\/politique-de-confidentialite\/","title":{"rendered":"Politique de confidentialit\u00e9"},"content":{"rendered":"<h2 class=\" wp-block-heading eplus-wrapper\"><strong>Politique de Confidentialit\u00e9<\/strong><\/h2><p class=\" eplus-wrapper\">Derni\u00e8re mise \u00e0 jour : 28\/08\/2024<\/p><p class=\" eplus-wrapper\">Bienvenue sur le site <a href=\"https:\/\/yogvibha.com\">https:\/\/yogvibha.com<\/a>. La pr\u00e9sente politique de confidentialit\u00e9 a pour but de vous informer sur la mani\u00e8re dont nous collectons, utilisons, prot\u00e9geons et partageons vos donn\u00e9es personnelles lorsque vous utilisez notre site, y compris lorsque vous laissez des commentaires, vous inscrivez \u00e0 notre newsletter, ou utilisez notre formulaire de contact.<\/p><p class=\" eplus-wrapper\"><strong>1. Qui sommes-nous ?<\/strong><\/p><p class=\" eplus-wrapper\">L\u2019adresse de notre site web est : <a href=\"https:\/\/yogvibha.com\">https:\/\/yogvibha.com<\/a>.<\/p><p class=\" eplus-wrapper\"><strong>2. Donn\u00e9es collect\u00e9es et utilisation<\/strong><\/p><p class=\" eplus-wrapper\">Nous collectons diff\u00e9rentes donn\u00e9es en fonction de votre utilisation de notre site.<\/p><ul class=\" wp-block-list eplus-wrapper eplus-styles-uid-238e2a\"><li class=\" eplus-wrapper\"><strong>Commentaires<\/strong> : Quand vous laissez un commentaire sur notre site, nous collectons les donn\u00e9es inscrites dans le formulaire de commentaire, ainsi que votre adresse IP et l\u2019agent utilisateur de votre navigateur. Ces informations sont utilis\u00e9es pour nous aider \u00e0 la d\u00e9tection des commentaires ind\u00e9sirables et am\u00e9liorer l&rsquo;exp\u00e9rience utilisateur. Une cha\u00eene anonymis\u00e9e cr\u00e9\u00e9e \u00e0 partir de votre adresse e-mail (\u00e9galement appel\u00e9e hash) peut \u00eatre envoy\u00e9e au service Gravatar pour v\u00e9rifier si vous l&rsquo;utilisez. Les clauses de confidentialit\u00e9 du service Gravatar sont disponibles ici : <a href=\"https:\/\/automattic.com\/privacy\/\">https:\/\/automattic.com\/privacy\/<\/a>. Apr\u00e8s validation de votre commentaire, votre photo de profil sera visible publiquement \u00e0 c\u00f4t\u00e9 de votre commentaire.<\/li>\n\n<li class=\" eplus-wrapper\"><strong>Formulaires de contact<\/strong> : Lorsque vous utilisez notre formulaire de contact, nous collectons votre nom, adresse e-mail et tout autre renseignement que vous choisissez de nous fournir dans le message. Ces informations sont utilis\u00e9es uniquement pour r\u00e9pondre \u00e0 vos demandes ou questions.<\/li>\n\n<li class=\" eplus-wrapper\"><strong>Inscription \u00e0 la newsletter<\/strong> : Si vous vous inscrivez \u00e0 notre newsletter, nous collectons votre adresse e-mail pour vous envoyer des informations et mises \u00e0 jour sur nos services et activit\u00e9s. Vous pouvez vous d\u00e9sinscrire \u00e0 tout moment en utilisant le lien de d\u00e9sinscription fourni dans chaque e-mail.<\/li>\n\n<li class=\" eplus-wrapper\"><strong>Donn\u00e9es analytiques<\/strong> : Nous utilisons des outils d\u2019analyse pour recueillir des informations sur l\u2019utilisation de notre site, y compris votre adresse IP, le type de navigateur, le fournisseur de services Internet (ISP), les pages de renvoi\/de sortie, les fichiers consult\u00e9s sur notre site (par ex., pages HTML, graphiques), le syst\u00e8me d\u2019exploitation, la date\/l&rsquo;heure et les donn\u00e9es de parcours. Ces informations nous aident \u00e0 analyser les tendances et \u00e0 administrer le site.<\/li><\/ul><p class=\" eplus-wrapper\"><strong>3. M\u00e9dias<\/strong><\/p><p class=\" eplus-wrapper\">Si vous t\u00e9l\u00e9versez des images sur le site, nous vous conseillons d\u2019\u00e9viter de t\u00e9l\u00e9verser des images contenant des donn\u00e9es EXIF de coordonn\u00e9es GPS. Les visiteurs de notre site peuvent t\u00e9l\u00e9charger et extraire des donn\u00e9es de localisation depuis ces images.<\/p><p class=\" eplus-wrapper\"><strong>4. Cookies<\/strong><\/p><p class=\" eplus-wrapper\">Nous utilisons des cookies pour am\u00e9liorer votre exp\u00e9rience sur notre site.<\/p><ul class=\" wp-block-list eplus-wrapper eplus-styles-uid-2c357b\"><li class=\" eplus-wrapper\"><strong>Cookies pour les commentaires<\/strong> : Si vous d\u00e9posez un commentaire sur notre site, il vous sera propos\u00e9 d\u2019enregistrer votre nom, adresse e-mail et site dans des cookies. C\u2019est pour votre confort afin de ne pas avoir \u00e0 saisir ces informations de nouveau si vous d\u00e9posez un autre commentaire. Ces cookies expirent au bout d\u2019un an.<\/li>\n\n<li class=\" eplus-wrapper\"><strong>Cookies de connexion<\/strong> : Si vous vous rendez sur la page de connexion, un cookie temporaire sera cr\u00e9\u00e9 afin de d\u00e9terminer si votre navigateur accepte les cookies. Ce cookie ne contient pas de donn\u00e9es personnelles et sera supprim\u00e9 \u00e0 la fermeture de votre navigateur. Lorsque vous vous connectez, nous mettons en place plusieurs cookies pour enregistrer vos informations de connexion et vos pr\u00e9f\u00e9rences d\u2019\u00e9cran. Les cookies de connexion durent deux jours, et ceux des pr\u00e9f\u00e9rences d\u2019\u00e9cran durent un an. Si vous cochez \u00ab Se souvenir de moi \u00bb, votre cookie de connexion sera conserv\u00e9 pendant deux semaines. Si vous vous d\u00e9connectez, le cookie de connexion sera effac\u00e9.<\/li>\n\n<li class=\" eplus-wrapper\"><strong>Cookies d\u2019\u00e9dition<\/strong> : En modifiant ou publiant un article, un cookie suppl\u00e9mentaire sera enregistr\u00e9 dans votre navigateur. Ce cookie ne comprend aucune donn\u00e9e personnelle et indique simplement l\u2019ID de la publication que vous venez de modifier. Il expire au bout d\u2019un jour.<\/li><\/ul><p class=\" eplus-wrapper\">Pour plus d&rsquo;informations sur la gestion des cookies, veuillez consulter notre [Politique sur les cookies](lien vers la politique sur les cookies).<\/p><p class=\" eplus-wrapper\"><strong>5. Contenu embarqu\u00e9 depuis d\u2019autres sites<\/strong><\/p><p class=\" eplus-wrapper\">Les articles de ce site peuvent inclure des contenus int\u00e9gr\u00e9s (par exemple des vid\u00e9os, images, articles\u2026). Le contenu int\u00e9gr\u00e9 depuis d\u2019autres sites se comporte de la m\u00eame mani\u00e8re que si le visiteur se rendait sur cet autre site. Ces sites web peuvent collecter des donn\u00e9es sur vous, utiliser des cookies, embarquer des outils de suivi tiers, et suivre vos interactions avec ces contenus embarqu\u00e9s si vous disposez d\u2019un compte connect\u00e9 sur leur site web.<\/p><p class=\" eplus-wrapper\"><strong>6. Partage de vos donn\u00e9es personnelles<\/strong><\/p><p class=\" eplus-wrapper\">Nous ne partageons vos donn\u00e9es personnelles avec des tiers que dans les cas suivants :<\/p><ul class=\" wp-block-list eplus-wrapper eplus-styles-uid-13df2a\"><li class=\" eplus-wrapper\">Lorsque c&rsquo;est n\u00e9cessaire pour fournir les services que vous avez demand\u00e9s, par exemple en utilisant un fournisseur de service d&#8217;email pour envoyer des newsletters.<\/li>\n\n<li class=\" eplus-wrapper\">Pour nous conformer aux obligations l\u00e9gales ou r\u00e9glementaires.<\/li>\n\n<li class=\" eplus-wrapper\">Pour prot\u00e9ger et d\u00e9fendre nos droits ou notre propri\u00e9t\u00e9.<\/li><\/ul><p class=\" eplus-wrapper\"><strong>7. Dur\u00e9e de conservation de vos donn\u00e9es<\/strong><\/p><p class=\" eplus-wrapper\">Nous conservons vos donn\u00e9es personnelles uniquement aussi longtemps que n\u00e9cessaire pour les finalit\u00e9s d\u00e9crites dans cette politique de confidentialit\u00e9, sauf si une dur\u00e9e de conservation plus longue est requise ou permise par la loi (par exemple \u00e0 des fins r\u00e9glementaires).<\/p><ul class=\" wp-block-list eplus-wrapper eplus-styles-uid-167538\"><li class=\" eplus-wrapper\"><strong>Commentaires<\/strong> : Si vous laissez un commentaire, le commentaire et ses m\u00e9tadonn\u00e9es sont conserv\u00e9s ind\u00e9finiment. Cela permet de reconna\u00eetre et approuver automatiquement les commentaires suivants au lieu de les laisser dans la file de mod\u00e9ration.<\/li>\n\n<li class=\" eplus-wrapper\"><strong>Comptes utilisateurs<\/strong> : Pour les comptes qui s\u2019inscrivent sur notre site (le cas \u00e9ch\u00e9ant), nous stockons \u00e9galement les donn\u00e9es personnelles indiqu\u00e9es dans leur profil. Tous les comptes peuvent voir, modifier ou supprimer leurs informations personnelles \u00e0 tout moment (\u00e0 l\u2019exception de leur identifiant). Les gestionnaires du site peuvent aussi voir et modifier ces informations.<\/li><\/ul><p class=\" eplus-wrapper\"><strong>8. Vos droits sur vos donn\u00e9es<\/strong><\/p><p class=\" eplus-wrapper\">Vous avez les droits suivants concernant vos donn\u00e9es personnelles :<\/p><ul class=\" wp-block-list eplus-wrapper eplus-styles-uid-2a00a0\"><li class=\" eplus-wrapper\"><strong>Acc\u00e8s<\/strong> : Vous pouvez demander une copie des donn\u00e9es personnelles que nous d\u00e9tenons \u00e0 votre sujet.<\/li>\n\n<li class=\" eplus-wrapper\"><strong>Rectification<\/strong> : Vous pouvez demander la correction des informations inexactes ou incompl\u00e8tes.<\/li>\n\n<li class=\" eplus-wrapper\"><strong>Suppression<\/strong> : Vous pouvez demander la suppression de vos donn\u00e9es personnelles, sauf si leur conservation est n\u00e9cessaire pour des raisons l\u00e9gales ou administratives.<\/li>\n\n<li class=\" eplus-wrapper\"><strong>Opposition<\/strong> : Vous pouvez vous opposer au traitement de vos donn\u00e9es personnelles pour certaines finalit\u00e9s.<\/li>\n\n<li class=\" eplus-wrapper\"><strong>Portabilit\u00e9<\/strong> : Vous pouvez demander \u00e0 recevoir vos donn\u00e9es personnelles dans un format structur\u00e9, couramment utilis\u00e9 et lisible par machine.<\/li><\/ul><p class=\" eplus-wrapper\">Pour exercer ces droits, veuillez nous contacter \u00e0 [milena@yogvibha.com].<\/p><p class=\" eplus-wrapper\"><strong>9. S\u00e9curit\u00e9 de vos donn\u00e9es<\/strong><\/p><p class=\" eplus-wrapper\">Nous prenons la s\u00e9curit\u00e9 de vos donn\u00e9es personnelles au s\u00e9rieux et utilisons diverses mesures pour les prot\u00e9ger contre la perte, le vol, l&rsquo;utilisation abusive et l&rsquo;acc\u00e8s non autoris\u00e9. Cependant, aucune m\u00e9thode de transmission sur Internet ou m\u00e9thode de stockage \u00e9lectronique n&rsquo;est s\u00fbre \u00e0 100 %. Par cons\u00e9quent, bien que nous nous efforcions de prot\u00e9ger vos donn\u00e9es personnelles, nous ne pouvons pas garantir leur s\u00e9curit\u00e9 absolue.<\/p><p class=\" eplus-wrapper\"><strong>10. O\u00f9 vos donn\u00e9es sont envoy\u00e9es<\/strong><\/p><p class=\" eplus-wrapper\">Les commentaires des visiteurs peuvent \u00eatre v\u00e9rifi\u00e9s \u00e0 l\u2019aide d\u2019un service automatis\u00e9 de d\u00e9tection des commentaires ind\u00e9sirables. Vos donn\u00e9es personnelles peuvent \u00eatre transf\u00e9r\u00e9es et stock\u00e9es dans des pays autres que votre pays de r\u00e9sidence. Ces pays peuvent avoir des lois sur la protection des donn\u00e9es qui diff\u00e8rent de celles de votre pays. Nous veillons \u00e0 ce que des mesures de protection appropri\u00e9es soient en place pour garantir un niveau de protection ad\u00e9quat de vos donn\u00e9es.<\/p><p class=\" eplus-wrapper\"><strong>11. Modifications de cette politique de confidentialit\u00e9<\/strong><\/p><p class=\" eplus-wrapper\">Nous pouvons mettre \u00e0 jour notre politique de confidentialit\u00e9 de temps \u00e0 autre. Toute modification sera publi\u00e9e sur cette page et, le cas \u00e9ch\u00e9ant, vous serez inform\u00e9 par e-mail. Nous vous encourageons \u00e0 consulter r\u00e9guli\u00e8rement cette page pour \u00eatre inform\u00e9 des changements apport\u00e9s \u00e0 notre politique de confidentialit\u00e9.<\/p><p class=\" eplus-wrapper\"><strong>12. Contact<\/strong><\/p><p class=\" eplus-wrapper\">Pour toute question ou demande concernant cette politique de confidentialit\u00e9, veuillez nous contacter \u00e0 [milena@yogvibha.com].<\/p>","protected":false},"excerpt":{"rendered":"<p>Politique de Confidentialit\u00e9 Derni\u00e8re mise \u00e0 jour : 28\/08\/2024 Bienvenue sur le site https:\/\/yogvibha.com. La pr\u00e9sente politique de confidentialit\u00e9 a pour but de vous informer[&#8230;]<\/p>\n","protected":false},"author":1,"featured_media":0,"parent":0,"menu_order":0,"comment_status":"closed","ping_status":"closed","template":"","meta":{"om_disable_all_campaigns":false,"editor_plus_copied_stylings":"{}","_monsterinsights_skip_tracking":false,"_monsterinsights_sitenote_active":false,"_monsterinsights_sitenote_note":"","_monsterinsights_sitenote_category":0,"footnotes":""},"class_list":["post-6162","page","type-page","status-publish","hentry"],"aioseo_notices":[],"jetpack_sharing_enabled":true,"_links":{"self":[{"href":"https:\/\/yogvibha.com\/index.php\/wp-json\/wp\/v2\/pages\/6162"}],"collection":[{"href":"https:\/\/yogvibha.com\/index.php\/wp-json\/wp\/v2\/pages"}],"about":[{"href":"https:\/\/yogvibha.com\/index.php\/wp-json\/wp\/v2\/types\/page"}],"author":[{"embeddable":true,"href":"https:\/\/yogvibha.com\/index.php\/wp-json\/wp\/v2\/users\/1"}],"replies":[{"embeddable":true,"href":"https:\/\/yogvibha.com\/index.php\/wp-json\/wp\/v2\/comments?post=6162"}],"version-history":[{"count":4,"href":"https:\/\/yogvibha.com\/index.php\/wp-json\/wp\/v2\/pages\/6162\/revisions"}],"predecessor-version":[{"id":6172,"href":"https:\/\/yogvibha.com\/index.php\/wp-json\/wp\/v2\/pages\/6162\/revisions\/6172"}],"wp:attachment":[{"href":"https:\/\/yogvibha.com\/index.php\/wp-json\/wp\/v2\/media?parent=6162"}],"curies":[{"name":"wp","href":"https:\/\/api.w.org\/{rel}","templated":true}]}}