{"id":5479,"date":"2024-02-09T14:59:48","date_gmt":"2024-02-09T13:59:48","guid":{"rendered":"https:\/\/yogvibha.com\/?page_id=5479"},"modified":"2024-02-09T15:02:13","modified_gmt":"2024-02-09T14:02:13","slug":"voyages-sonores","status":"publish","type":"page","link":"https:\/\/yogvibha.com\/index.php\/voyages-sonores\/","title":{"rendered":"Voyages Sonores"},"content":{"rendered":"<h2 class=\" wp-block-heading has-text-align-center eplus-wrapper\">Voyages sonores priv\u00e9es &amp; collaborations<\/h2><p class=\" has-text-align-center has-background eplus-wrapper\" style=\"background:radial-gradient(rgb(187,222,240) 2%,rgb(255,255,255) 64%)\">Vous souhaitez proposer un moment de communion et de bien-\u00eatre \u00e0 vos clients, \u00e0 vos proches, proposer un nouvel atelier dans votre studio de yoga o\u00f9 un bain sonore priv\u00e9e ? Contactez-moi pour un devis personnalis\u00e9 ou pour discuter d&rsquo;une \u00e9ventuelle collaboration !<\/p><div class=\" wp-block-buttons eplus-wrapper is-content-justification-center is-layout-flex wp-container-core-buttons-is-layout-1 wp-block-buttons-is-layout-flex\"><div class=\" wp-block-button eplus-wrapper eplus-styles-uid-4dca45\"><a class=\"wp-block-button__link has-white-color has-text-color has-background has-link-color wp-element-button\" href=\"https:\/\/yogvibha.com\/index.php\/contact\/\" style=\"background-color:#9c7d51\">Prendre contact<\/a><\/div><\/div><div style=\"height:100px\" aria-hidden=\"true\" class=\" wp-block-spacer eplus-wrapper\"><\/div><div class=\" wp-block-columns eplus-wrapper is-layout-flex wp-container-core-columns-is-layout-1 wp-block-columns-is-layout-flex eplus-styles-uid-ab4d84\"><div class=\" wp-block-column eplus-wrapper is-layout-flow wp-block-column-is-layout-flow\" style=\"flex-basis:50%\"><figure class=\" wp-block-video alignleft eplus-wrapper\"><video autoplay loop src=\"https:\/\/yogvibha.com\/wp-content\/uploads\/2024\/02\/Design-sans-titre.mp4\" playsinline><\/video><\/figure><\/div>\n\n<div class=\" wp-block-column eplus-wrapper is-layout-flow wp-block-column-is-layout-flow\" style=\"flex-basis:50%\"><p class=\" eplus-wrapper\">Les bains sonores sont une forme de sonoth\u00e9rapie o\u00f9 l\u2019on joue diff\u00e9rents instruments de musique aux sons sacr\u00e9s : bols tib\u00e9tains, gongs, koshis, tambours\u2026 Les participants se couchent sur des tapis et des coussins confortables, les yeux ferm\u00e9s et se laissent transporter par les sons, qui sont souvent jou\u00e9s pour cr\u00e9er une exp\u00e9rience sonore hypnotisante.<\/p>\n\n<p class=\" eplus-wrapper\">En effet, les vibrations sonores des instruments peuvent aider \u00e0 \u00e9quilibrer l\u2019\u00e9nergie du corps, \u00e0 calmer l\u2019esprit et \u00e0 r\u00e9duire le stress et l\u2019anxi\u00e9t\u00e9. Les bains sonores sont souvent utilis\u00e9s pour induire un \u00e9tat de relaxation profonde et pour aider les participants \u00e0 atteindre un \u00e9tat m\u00e9ditatif.<\/p>\n\n<div class=\" wp-block-buttons eplus-wrapper is-layout-flex wp-block-buttons-is-layout-flex\"><div class=\" wp-block-button eplus-wrapper eplus-styles-uid-ab6d20\"><a class=\"wp-block-button__link has-white-color has-text-color has-background has-link-color wp-element-button\" href=\"https:\/\/yogvibha.com\/index.php\/category\/espaces-sacres\/\" style=\"background-color:#9c7d51\">D\u00e9couvrir le blog pour en savoir plus<\/a><\/div><\/div><\/div><\/div><p class=\" eplus-wrapper\"><\/p><div style=\"height:100px\" aria-hidden=\"true\" class=\" wp-block-spacer eplus-wrapper\"><\/div>","protected":false},"excerpt":{"rendered":"<p>Voyages sonores priv\u00e9es &amp; collaborations Vous souhaitez proposer un moment de communion et de bien-\u00eatre \u00e0 vos clients, \u00e0 vos proches, proposer un nouvel atelier[&#8230;]<\/p>\n","protected":false},"author":1,"featured_media":0,"parent":0,"menu_order":0,"comment_status":"closed","ping_status":"closed","template":"","meta":{"om_disable_all_campaigns":false,"editor_plus_copied_stylings":"{}","_monsterinsights_skip_tracking":false,"_monsterinsights_sitenote_active":false,"_monsterinsights_sitenote_note":"","_monsterinsights_sitenote_category":0,"footnotes":""},"class_list":["post-5479","page","type-page","status-publish","hentry"],"aioseo_notices":[],"jetpack_sharing_enabled":true,"_links":{"self":[{"href":"https:\/\/yogvibha.com\/index.php\/wp-json\/wp\/v2\/pages\/5479"}],"collection":[{"href":"https:\/\/yogvibha.com\/index.php\/wp-json\/wp\/v2\/pages"}],"about":[{"href":"https:\/\/yogvibha.com\/index.php\/wp-json\/wp\/v2\/types\/page"}],"author":[{"embeddable":true,"href":"https:\/\/yogvibha.com\/index.php\/wp-json\/wp\/v2\/users\/1"}],"replies":[{"embeddable":true,"href":"https:\/\/yogvibha.com\/index.php\/wp-json\/wp\/v2\/comments?post=5479"}],"version-history":[{"count":3,"href":"https:\/\/yogvibha.com\/index.php\/wp-json\/wp\/v2\/pages\/5479\/revisions"}],"predecessor-version":[{"id":5485,"href":"https:\/\/yogvibha.com\/index.php\/wp-json\/wp\/v2\/pages\/5479\/revisions\/5485"}],"wp:attachment":[{"href":"https:\/\/yogvibha.com\/index.php\/wp-json\/wp\/v2\/media?parent=5479"}],"curies":[{"name":"wp","href":"https:\/\/api.w.org\/{rel}","templated":true}]}}