{"id":5324,"date":"2024-01-29T18:27:49","date_gmt":"2024-01-29T17:27:49","guid":{"rendered":"https:\/\/yogvibha.com\/?page_id=5324"},"modified":"2024-02-09T13:59:51","modified_gmt":"2024-02-09T12:59:51","slug":"ceremonies-du-cacao-sacre","status":"publish","type":"page","link":"https:\/\/yogvibha.com\/index.php\/ceremonies-du-cacao-sacre\/","title":{"rendered":"C\u00e9r\u00e9monies du cacao sacr\u00e9"},"content":{"rendered":"<p class=\" has-text-align-center eplus-wrapper\">Form\u00e9e aux c\u00e9r\u00e9monies du cacao sacr\u00e9 depuis 2021, \u00e0 la suite d&rsquo;une initiation de 2 mois et une 2\u00e8me formation, je propose des ateliers articul\u00e9s autour de cette m\u00e9decine ancestrale.<\/p><h2 class=\" wp-block-heading has-text-align-center eplus-wrapper\">C\u00e9r\u00e9monies du Cacao Sacr\u00e9 priv\u00e9es &amp; collaborations<\/h2><p class=\" has-text-align-center has-background eplus-wrapper\" style=\"background:radial-gradient(rgb(187,222,240) 2%,rgb(255,255,255) 64%)\">Vous souhaitez proposer un moment de communion et de bien-\u00eatre \u00e0 vos clients, \u00e0 vos proches, proposer un nouvel atelier dans votre studio de yoga o\u00f9 une c\u00e9r\u00e9monie du cacao sacr\u00e9 priv\u00e9e ? Contactez-moi pour un devis personnalis\u00e9 ou pour discuter d&rsquo;une \u00e9ventuelle collaboration !<\/p><div class=\" wp-block-buttons eplus-wrapper is-content-justification-center is-layout-flex wp-container-core-buttons-is-layout-1 wp-block-buttons-is-layout-flex\"><div class=\" wp-block-button eplus-wrapper eplus-styles-uid-1cd9fc\"><a class=\"wp-block-button__link has-white-color has-text-color has-background has-link-color wp-element-button\" href=\"https:\/\/yogvibha.com\/index.php\/contact\/\" style=\"background-color:#9c7d51\">Prendre contact<\/a><\/div><\/div><div style=\"height:100px\" aria-hidden=\"true\" class=\" wp-block-spacer eplus-wrapper\"><\/div><div class=\" wp-block-columns eplus-wrapper is-layout-flex wp-container-core-columns-is-layout-1 wp-block-columns-is-layout-flex eplus-styles-uid-9a8c5e\"><div class=\" wp-block-column eplus-wrapper is-layout-flow wp-block-column-is-layout-flow\" style=\"flex-basis:50%\"><figure class=\" wp-block-video alignleft eplus-wrapper\"><video autoplay loop src=\"https:\/\/yogvibha.com\/wp-content\/uploads\/2024\/02\/video-cacao.mp4\" playsinline><\/video><\/figure><\/div>\n\n<div class=\" wp-block-column eplus-wrapper is-layout-flow wp-block-column-is-layout-flow\" style=\"flex-basis:50%\"><p class=\" eplus-wrapper\">La c\u00e9r\u00e9monie du cacao sacr\u00e9 est un rituel ancestral et traditionnel o\u00f9 l\u2019on s\u2019abreuve d\u2019un \u00e9lixir de cacao, aussi nomm\u00e9 \u201cla nourriture des dieux\u201d. Ce rituel puise ses racines dans les cultures olm\u00e8ques, mayas et azt\u00e8ques d\u2019Am\u00e9rique centrale et sont maintenant devenues populaires dans d\u2019autres parties du monde.<\/p>\n\n<p class=\" eplus-wrapper\">Durant la c\u00e9r\u00e9monie, les participants boivent une boisson \u00e0 base de cacao pr\u00e9par\u00e9e avec de l\u2019eau chaude, des \u00e9pices, des herbes, des fleurs et d\u2019autres ingr\u00e9dients qui adoucissent l\u00e9g\u00e8rement son go\u00fbt amer et d\u00e9cuplent ses effets\u2026<\/p>\n\n<p class=\" eplus-wrapper\">Les c\u00e9r\u00e9monies du cacao sacr\u00e9 sont des moments de transcendance, de lib\u00e9ration, de transformation et d\u2019expansion de la conscience.<\/p>\n\n<div class=\" wp-block-buttons eplus-wrapper is-layout-flex wp-block-buttons-is-layout-flex\"><div class=\" wp-block-button eplus-wrapper eplus-styles-uid-7db4ae\"><a class=\"wp-block-button__link has-white-color has-text-color has-background has-link-color wp-element-button\" href=\"https:\/\/yogvibha.com\/index.php\/category\/espaces-sacres\/\" style=\"background-color:#9c7d51\">D\u00e9couvrir le blog pour en savoir plus<\/a><\/div><\/div><\/div><\/div><p class=\" eplus-wrapper\"><\/p><div style=\"height:100px\" aria-hidden=\"true\" class=\" wp-block-spacer eplus-wrapper\"><\/div>","protected":false},"excerpt":{"rendered":"<p>Form\u00e9e aux c\u00e9r\u00e9monies du cacao sacr\u00e9 depuis 2021, \u00e0 la suite d&rsquo;une initiation de 2 mois et une 2\u00e8me formation, je propose des ateliers articul\u00e9s[&#8230;]<\/p>\n","protected":false},"author":1,"featured_media":0,"parent":0,"menu_order":0,"comment_status":"closed","ping_status":"closed","template":"","meta":{"om_disable_all_campaigns":false,"editor_plus_copied_stylings":"{}","_monsterinsights_skip_tracking":false,"_monsterinsights_sitenote_active":false,"_monsterinsights_sitenote_note":"","_monsterinsights_sitenote_category":0,"footnotes":""},"class_list":["post-5324","page","type-page","status-publish","hentry"],"aioseo_notices":[],"jetpack_sharing_enabled":true,"_links":{"self":[{"href":"https:\/\/yogvibha.com\/index.php\/wp-json\/wp\/v2\/pages\/5324"}],"collection":[{"href":"https:\/\/yogvibha.com\/index.php\/wp-json\/wp\/v2\/pages"}],"about":[{"href":"https:\/\/yogvibha.com\/index.php\/wp-json\/wp\/v2\/types\/page"}],"author":[{"embeddable":true,"href":"https:\/\/yogvibha.com\/index.php\/wp-json\/wp\/v2\/users\/1"}],"replies":[{"embeddable":true,"href":"https:\/\/yogvibha.com\/index.php\/wp-json\/wp\/v2\/comments?post=5324"}],"version-history":[{"count":28,"href":"https:\/\/yogvibha.com\/index.php\/wp-json\/wp\/v2\/pages\/5324\/revisions"}],"predecessor-version":[{"id":5480,"href":"https:\/\/yogvibha.com\/index.php\/wp-json\/wp\/v2\/pages\/5324\/revisions\/5480"}],"wp:attachment":[{"href":"https:\/\/yogvibha.com\/index.php\/wp-json\/wp\/v2\/media?parent=5324"}],"curies":[{"name":"wp","href":"https:\/\/api.w.org\/{rel}","templated":true}]}}