{"id":5024,"date":"2024-01-16T16:33:18","date_gmt":"2024-01-16T15:33:18","guid":{"rendered":"https:\/\/yogvibha.com\/?page_id=5024"},"modified":"2024-08-30T16:26:08","modified_gmt":"2024-08-30T14:26:08","slug":"ateliers","status":"publish","type":"page","link":"https:\/\/yogvibha.com\/index.php\/ateliers\/","title":{"rendered":"Ateliers"},"content":{"rendered":"<p class=\" has-text-align-center eplus-wrapper\">Je propose des bulles de bien-\u00eatre \u00e0 Bordeaux et sa r\u00e9gion. D\u00e9couvrez mes diff\u00e9rentes propositions d&rsquo;ateliers.<\/p><hr class=\" wp-block-separator has-alpha-channel-opacity eplus-wrapper\"\/><div style=\"height:50px\" aria-hidden=\"true\" class=\" wp-block-spacer eplus-wrapper\"><\/div><div class=\" wp-block-columns eplus-wrapper is-layout-flex wp-container-core-columns-is-layout-1 wp-block-columns-is-layout-flex eplus-styles-uid-4d7155\"><div class=\" wp-block-column eplus-wrapper is-layout-flow wp-block-column-is-layout-flow\"><div class=\" wp-block-cover eplus-wrapper eplus-styles-uid-5f8d5d\" style=\"min-height:200px;aspect-ratio:unset;aspect-ratio:unset;\"><span aria-hidden=\"true\" class=\"wp-block-cover__background has-background-dim-30 has-background-dim\"><\/span><img loading=\"lazy\" decoding=\"async\" width=\"800\" height=\"800\" class=\"wp-block-cover__image-background wp-image-5027\" alt=\"\" src=\"https:\/\/yogvibha.com\/wp-content\/uploads\/2024\/01\/1-1.png\" data-object-fit=\"cover\" srcset=\"https:\/\/yogvibha.com\/wp-content\/uploads\/2024\/01\/1-1.png 800w, https:\/\/yogvibha.com\/wp-content\/uploads\/2024\/01\/1-1-300x300.png 300w, https:\/\/yogvibha.com\/wp-content\/uploads\/2024\/01\/1-1-100x100.png 100w, https:\/\/yogvibha.com\/wp-content\/uploads\/2024\/01\/1-1-600x600.png 600w, https:\/\/yogvibha.com\/wp-content\/uploads\/2024\/01\/1-1-150x150.png 150w, https:\/\/yogvibha.com\/wp-content\/uploads\/2024\/01\/1-1-768x768.png 768w\" sizes=\"(max-width: 800px) 100vw, 800px\" \/><div class=\"wp-block-cover__inner-container is-layout-flow wp-block-cover-is-layout-flow\"><h2 class=\" wp-block-heading has-text-align-center has-large-font-size eplus-wrapper\">Cacao Sacr\u00e9<\/h2><\/div><\/div>\n\n<div style=\"height:30px\" aria-hidden=\"true\" class=\" wp-block-spacer eplus-wrapper\"><\/div>\n\n<p class=\" has-text-align-center eplus-wrapper eplus-styles-uid-256884\">Les c\u00e9r\u00e9monies du cacao sacr\u00e9 sont des moments suspendus o\u00f9 nous buvons ensemble du cacao sacr\u00e9, partageons nos \u00e9tats d&rsquo;\u00e2mes du moment, dansons, chantons et m\u00e9ditons ensemble pour atteindre un \u00e9tat de b\u00e9atitude.<\/p>\n\n<div class=\" wp-block-buttons eplus-wrapper is-content-justification-center is-layout-flex wp-container-core-buttons-is-layout-1 wp-block-buttons-is-layout-flex\"><div class=\" wp-block-button eplus-wrapper eplus-styles-uid-4fbfd8\"><a class=\"wp-block-button__link has-white-color has-text-color has-background has-link-color wp-element-button\" href=\"https:\/\/yogvibha.com\/index.php\/ceremonies-du-cacao-sacre\/\" style=\"background-color:#9c7d51\">En savoir plus<\/a><\/div><\/div><\/div>\n\n<div class=\" wp-block-column eplus-wrapper is-layout-flow wp-block-column-is-layout-flow\"><div class=\" wp-block-cover eplus-wrapper eplus-styles-uid-5f8d5d\" style=\"min-height:200px;aspect-ratio:unset;aspect-ratio:unset;\"><span aria-hidden=\"true\" class=\"wp-block-cover__background has-background-dim-30 has-background-dim\"><\/span><img loading=\"lazy\" decoding=\"async\" width=\"800\" height=\"800\" class=\"wp-block-cover__image-background wp-image-5025\" alt=\"\" src=\"https:\/\/yogvibha.com\/wp-content\/uploads\/2024\/01\/2.png\" data-object-fit=\"cover\" srcset=\"https:\/\/yogvibha.com\/wp-content\/uploads\/2024\/01\/2.png 800w, https:\/\/yogvibha.com\/wp-content\/uploads\/2024\/01\/2-300x300.png 300w, https:\/\/yogvibha.com\/wp-content\/uploads\/2024\/01\/2-100x100.png 100w, https:\/\/yogvibha.com\/wp-content\/uploads\/2024\/01\/2-600x600.png 600w, https:\/\/yogvibha.com\/wp-content\/uploads\/2024\/01\/2-150x150.png 150w, https:\/\/yogvibha.com\/wp-content\/uploads\/2024\/01\/2-768x768.png 768w\" sizes=\"(max-width: 800px) 100vw, 800px\" \/><div class=\"wp-block-cover__inner-container is-layout-flow wp-block-cover-is-layout-flow\"><h2 class=\" wp-block-heading has-text-align-center has-large-font-size eplus-wrapper\">Voyages Sonores<\/h2><\/div><\/div>\n\n<div style=\"height:30px\" aria-hidden=\"true\" class=\" wp-block-spacer eplus-wrapper\"><\/div>\n\n<p class=\" has-text-align-center eplus-wrapper eplus-styles-uid-256884\">Les bains sonores sont guid\u00e9s par diff\u00e9rents instruments tels que des bols tib\u00e9tains, des koshis, des tambours, b\u00e2tons de pluie&#8230; que je joue pour vous aider \u00e0 l\u00e2cher prise, vous d\u00e9tendre profond\u00e9ment et r\u00e9\u00e9quilibrer vos \u00e9nergies.<\/p>\n\n<div class=\" wp-block-buttons eplus-wrapper is-content-justification-center is-layout-flex wp-container-core-buttons-is-layout-2 wp-block-buttons-is-layout-flex\"><div class=\" wp-block-button eplus-wrapper eplus-styles-uid-7d4fe9\"><a class=\"wp-block-button__link has-white-color has-text-color has-background has-link-color wp-element-button\" href=\"https:\/\/yogvibha.com\/index.php\/voyages-sonores\/\" style=\"background-color:#9c7d51\">En savoir plus<\/a><\/div><\/div><\/div><\/div><div class=\" wp-block-columns eplus-wrapper is-layout-flex wp-container-core-columns-is-layout-2 wp-block-columns-is-layout-flex eplus-styles-uid-ad0f9c\"><div class=\" wp-block-column eplus-wrapper is-layout-flow wp-block-column-is-layout-flow\"><div class=\" wp-block-cover eplus-wrapper eplus-styles-uid-656d3a\" style=\"min-height:200px;aspect-ratio:unset;aspect-ratio:unset;\"><span aria-hidden=\"true\" class=\"wp-block-cover__background has-background-dim-20 has-background-dim\"><\/span><img loading=\"lazy\" decoding=\"async\" width=\"800\" height=\"800\" class=\"wp-block-cover__image-background wp-image-5028\" alt=\"\" src=\"https:\/\/yogvibha.com\/wp-content\/uploads\/2024\/01\/3-1.jpg\" data-object-fit=\"cover\" srcset=\"https:\/\/yogvibha.com\/wp-content\/uploads\/2024\/01\/3-1.jpg 800w, https:\/\/yogvibha.com\/wp-content\/uploads\/2024\/01\/3-1-300x300.jpg 300w, https:\/\/yogvibha.com\/wp-content\/uploads\/2024\/01\/3-1-100x100.jpg 100w, https:\/\/yogvibha.com\/wp-content\/uploads\/2024\/01\/3-1-600x600.jpg 600w, https:\/\/yogvibha.com\/wp-content\/uploads\/2024\/01\/3-1-150x150.jpg 150w, https:\/\/yogvibha.com\/wp-content\/uploads\/2024\/01\/3-1-768x768.jpg 768w\" sizes=\"(max-width: 800px) 100vw, 800px\" \/><div class=\"wp-block-cover__inner-container is-layout-flow wp-block-cover-is-layout-flow\"><h2 class=\" wp-block-heading has-text-align-center has-large-font-size eplus-wrapper\">Cercles de Parole<\/h2><\/div><\/div>\n\n<div style=\"height:30px\" aria-hidden=\"true\" class=\" wp-block-spacer eplus-wrapper\"><\/div>\n\n<p class=\" has-text-align-center eplus-wrapper eplus-styles-uid-256884\">J&rsquo;organise des cercles de paroles, des endroits safe, o\u00f9 l&rsquo;on peut partager nos \u00e9tats d&rsquo;\u00e2mes du moment, sans jugement et dans l&rsquo;accueil complet de l&rsquo;autre.<\/p>\n\n<div class=\" wp-block-buttons eplus-wrapper is-content-justification-center is-layout-flex wp-container-core-buttons-is-layout-3 wp-block-buttons-is-layout-flex\"><div class=\" wp-block-button eplus-wrapper eplus-styles-uid-35e826\"><a class=\"wp-block-button__link has-white-color has-text-color has-background has-link-color wp-element-button\" style=\"background-color:#9c7d51\">En savoir plus<\/a><\/div><\/div><\/div>\n\n<div class=\" wp-block-column eplus-wrapper is-layout-flow wp-block-column-is-layout-flow\"><div class=\" wp-block-cover eplus-wrapper eplus-styles-uid-399a8b\" style=\"min-height:200px;aspect-ratio:unset;aspect-ratio:unset;\"><span aria-hidden=\"true\" class=\"wp-block-cover__background has-background-dim-30 has-background-dim\"><\/span><img loading=\"lazy\" decoding=\"async\" width=\"800\" height=\"800\" class=\"wp-block-cover__image-background wp-image-5029\" alt=\"\" src=\"https:\/\/yogvibha.com\/wp-content\/uploads\/2024\/01\/4-1.jpg\" data-object-fit=\"cover\" srcset=\"https:\/\/yogvibha.com\/wp-content\/uploads\/2024\/01\/4-1.jpg 800w, https:\/\/yogvibha.com\/wp-content\/uploads\/2024\/01\/4-1-300x300.jpg 300w, https:\/\/yogvibha.com\/wp-content\/uploads\/2024\/01\/4-1-100x100.jpg 100w, https:\/\/yogvibha.com\/wp-content\/uploads\/2024\/01\/4-1-600x600.jpg 600w, https:\/\/yogvibha.com\/wp-content\/uploads\/2024\/01\/4-1-150x150.jpg 150w, https:\/\/yogvibha.com\/wp-content\/uploads\/2024\/01\/4-1-768x768.jpg 768w\" sizes=\"(max-width: 800px) 100vw, 800px\" \/><div class=\"wp-block-cover__inner-container is-layout-flow wp-block-cover-is-layout-flow\"><h2 class=\" wp-block-heading has-text-align-center has-large-font-size eplus-wrapper\">Mouvement, m\u00e9ditation, respiration<\/h2><\/div><\/div>\n\n<div style=\"height:30px\" aria-hidden=\"true\" class=\" wp-block-spacer eplus-wrapper\"><\/div>\n\n<p class=\" has-text-align-center eplus-wrapper eplus-styles-uid-256884\">Les ateliers de yoga vous permettent d&rsquo;aller plus loin dans votre pratique, que ce soit dans les postures (asana), la respiration (pranayama) et m\u00eame la m\u00e9ditation (dyana).<\/p>\n\n<div class=\" wp-block-buttons eplus-wrapper is-content-justification-center is-layout-flex wp-container-core-buttons-is-layout-4 wp-block-buttons-is-layout-flex\"><div class=\" wp-block-button eplus-wrapper eplus-styles-uid-e6d55a\"><a class=\"wp-block-button__link has-white-color has-text-color has-background has-link-color wp-element-button\" style=\"background-color:#9c7d51\">En savoir plus<\/a><\/div><\/div><\/div><\/div><div style=\"height:100px\" aria-hidden=\"true\" class=\" wp-block-spacer eplus-wrapper\"><\/div><hr class=\"is-style-default edplus_anim-ML0SIj wp-block-separator has-css-opacity eplus-wrapper eplus-styles-uid-db315c\"><div style=\"height:30px\" aria-hidden=\"true\" class=\" wp-block-spacer eplus-wrapper\"><\/div><p class=\" has-text-align-center eplus-wrapper eplus-styles-uid-48a223\">\u00ab<em> Nous avons pass\u00e9 4h ensembles, avec un programme tr\u00e8s complet. C\u00e9r\u00e9monie du cacao, danse, yin yoga, bain de son, m\u00e9ditation, tirage de cartes et cercle de parole\u2026 De quoi passer un bon dimanche apr\u00e8s-midi en prenant soin de soi ! Je suis compl\u00e8tement partie pendant le bain sonore, d\u00e9connexion totale ! Milena nous a guid\u00e9es avec douceur, g\u00e9n\u00e9rosit\u00e9, profondeur.<\/em> \u00bb<\/p><p class=\" edplus_anim-xhtOqr has-text-align-right eplus-wrapper eplus-styles-uid-db315c\">\u2014 Myriam<\/p><hr class=\"is-style-default edplus_anim-U0zfyS wp-block-separator has-css-opacity eplus-wrapper eplus-styles-uid-db315c\"><div style=\"height:100px\" aria-hidden=\"true\" class=\" wp-block-spacer eplus-wrapper\"><\/div>","protected":false},"excerpt":{"rendered":"<p>Je propose des bulles de bien-\u00eatre \u00e0 Bordeaux et sa r\u00e9gion. D\u00e9couvrez mes diff\u00e9rentes propositions d&rsquo;ateliers. Les c\u00e9r\u00e9monies du cacao sacr\u00e9 sont des moments suspendus[&#8230;]<\/p>\n","protected":false},"author":1,"featured_media":0,"parent":0,"menu_order":0,"comment_status":"closed","ping_status":"closed","template":"","meta":{"om_disable_all_campaigns":false,"editor_plus_copied_stylings":"{}","_monsterinsights_skip_tracking":false,"_monsterinsights_sitenote_active":false,"_monsterinsights_sitenote_note":"","_monsterinsights_sitenote_category":0,"footnotes":""},"class_list":["post-5024","page","type-page","status-publish","hentry"],"aioseo_notices":[],"jetpack_sharing_enabled":true,"_links":{"self":[{"href":"https:\/\/yogvibha.com\/index.php\/wp-json\/wp\/v2\/pages\/5024"}],"collection":[{"href":"https:\/\/yogvibha.com\/index.php\/wp-json\/wp\/v2\/pages"}],"about":[{"href":"https:\/\/yogvibha.com\/index.php\/wp-json\/wp\/v2\/types\/page"}],"author":[{"embeddable":true,"href":"https:\/\/yogvibha.com\/index.php\/wp-json\/wp\/v2\/users\/1"}],"replies":[{"embeddable":true,"href":"https:\/\/yogvibha.com\/index.php\/wp-json\/wp\/v2\/comments?post=5024"}],"version-history":[{"count":61,"href":"https:\/\/yogvibha.com\/index.php\/wp-json\/wp\/v2\/pages\/5024\/revisions"}],"predecessor-version":[{"id":6182,"href":"https:\/\/yogvibha.com\/index.php\/wp-json\/wp\/v2\/pages\/5024\/revisions\/6182"}],"wp:attachment":[{"href":"https:\/\/yogvibha.com\/index.php\/wp-json\/wp\/v2\/media?parent=5024"}],"curies":[{"name":"wp","href":"https:\/\/api.w.org\/{rel}","templated":true}]}}