{"id":4945,"date":"2024-01-14T15:11:28","date_gmt":"2024-01-14T14:11:28","guid":{"rendered":"https:\/\/yogvibha.com\/?page_id=4945"},"modified":"2025-01-17T16:52:55","modified_gmt":"2025-01-17T15:52:55","slug":"cours-de-yoga","status":"publish","type":"page","link":"https:\/\/yogvibha.com\/index.php\/cours-de-yoga\/","title":{"rendered":"Cours de Yoga"},"content":{"rendered":"<p class=\" has-text-align-center eplus-wrapper\">D\u00e9couvrez les diff\u00e9rentes fa\u00e7ons et les endroits pour pratiquer le yoga ensemble.<\/p><div class=\" wp-block-group eplus-wrapper\"><div class=\"wp-block-group__inner-container is-layout-constrained wp-block-group-is-layout-constrained\"><div class=\" wp-block-group eplus-wrapper\"><div class=\"wp-block-group__inner-container is-layout-constrained wp-block-group-is-layout-constrained\"><div class=\" wp-block-group eplus-wrapper is-nowrap is-layout-flex wp-container-core-group-is-layout-3 wp-block-group-is-layout-flex\"><div class=\" wp-block-columns eplus-wrapper is-layout-flex wp-container-core-columns-is-layout-1 wp-block-columns-is-layout-flex eplus-styles-uid-c27ff7\"><div class=\" wp-block-column eplus-wrapper is-layout-flow wp-block-column-is-layout-flow\" style=\"flex-basis:50%\"><div class=\" wp-block-group eplus-wrapper\"><div class=\"wp-block-group__inner-container is-layout-constrained wp-block-group-is-layout-constrained\"><div class=\" wp-block-cover aligncenter eplus-wrapper\"><span aria-hidden=\"true\" class=\"wp-block-cover__background has-background-dim-30 has-background-dim\"><\/span><img loading=\"lazy\" decoding=\"async\" width=\"800\" height=\"800\" class=\"wp-block-cover__image-background wp-image-4946\" alt=\"\" src=\"https:\/\/yogvibha.com\/wp-content\/uploads\/2024\/01\/2.jpg\" data-object-fit=\"cover\" srcset=\"https:\/\/yogvibha.com\/wp-content\/uploads\/2024\/01\/2.jpg 800w, https:\/\/yogvibha.com\/wp-content\/uploads\/2024\/01\/2-300x300.jpg 300w, https:\/\/yogvibha.com\/wp-content\/uploads\/2024\/01\/2-100x100.jpg 100w, https:\/\/yogvibha.com\/wp-content\/uploads\/2024\/01\/2-600x600.jpg 600w, https:\/\/yogvibha.com\/wp-content\/uploads\/2024\/01\/2-150x150.jpg 150w, https:\/\/yogvibha.com\/wp-content\/uploads\/2024\/01\/2-768x768.jpg 768w\" sizes=\"(max-width: 800px) 100vw, 800px\" \/><div class=\"wp-block-cover__inner-container is-layout-flow wp-block-cover-is-layout-flow\"><h2 class=\" wp-block-heading has-text-align-center has-large-font-size eplus-wrapper\">Cours en ligne<\/h2><\/div><\/div>\n\n<div style=\"height:30px\" aria-hidden=\"true\" class=\" wp-block-spacer eplus-wrapper\"><\/div>\n\n<p class=\" has-text-align-center eplus-wrapper\">Je vous donne rendez-vous sur Zoom pour les cours de yoga :<\/p>\n\n<ul class=\" wp-block-list eplus-wrapper eplus-styles-uid-773beb\"><li class=\" eplus-wrapper eplus-styles-uid-5585bf\"><em>Hatha yoga traditionnel, samedis \u00e0 10h<\/em><\/li><\/ul><\/div><\/div>\n\n<p class=\" eplus-wrapper\">Dans mon enseignement, j&rsquo;adapte la pratique du jour aux besoins et aux envies des \u00e9l\u00e8ves.<\/p>\n\n<p class=\" eplus-wrapper\">Ces cours vous permettront de garder une pratique de yoga r\u00e9guli\u00e8re depuis le confort de votre maison.<\/p>\n\n<div class=\" wp-block-group eplus-wrapper\"><div class=\"wp-block-group__inner-container is-layout-constrained wp-block-group-is-layout-constrained\"><div class=\" wp-block-buttons eplus-wrapper is-content-justification-center is-layout-flex wp-container-core-buttons-is-layout-1 wp-block-buttons-is-layout-flex\"><div class=\" wp-block-button eplus-wrapper eplus-styles-uid-590313\"><a class=\"wp-block-button__link has-white-color has-text-color has-background has-link-color wp-element-button\" href=\"https:\/\/www.momoyoga.com\/yog-vibha\/teacher-profile\" style=\"background-color:#9c7d51\" target=\"_blank\" rel=\"noreferrer noopener\">En savoir plus<\/a><\/div><\/div><\/div><\/div><\/div>\n\n<div class=\" wp-block-column eplus-wrapper is-layout-flow wp-block-column-is-layout-flow\" style=\"flex-basis:50%\"><div class=\" wp-block-cover aligncenter eplus-wrapper\"><span aria-hidden=\"true\" class=\"wp-block-cover__background has-background-dim-30 has-background-dim\"><\/span><img loading=\"lazy\" decoding=\"async\" width=\"800\" height=\"800\" class=\"wp-block-cover__image-background wp-image-4947\" alt=\"\" src=\"https:\/\/yogvibha.com\/wp-content\/uploads\/2024\/01\/1.jpg\" data-object-fit=\"cover\" srcset=\"https:\/\/yogvibha.com\/wp-content\/uploads\/2024\/01\/1.jpg 800w, https:\/\/yogvibha.com\/wp-content\/uploads\/2024\/01\/1-300x300.jpg 300w, https:\/\/yogvibha.com\/wp-content\/uploads\/2024\/01\/1-100x100.jpg 100w, https:\/\/yogvibha.com\/wp-content\/uploads\/2024\/01\/1-600x600.jpg 600w, https:\/\/yogvibha.com\/wp-content\/uploads\/2024\/01\/1-150x150.jpg 150w, https:\/\/yogvibha.com\/wp-content\/uploads\/2024\/01\/1-768x768.jpg 768w\" sizes=\"(max-width: 800px) 100vw, 800px\" \/><div class=\"wp-block-cover__inner-container is-layout-flow wp-block-cover-is-layout-flow\"><h3 class=\" wp-block-heading has-text-align-center has-large-font-size eplus-wrapper\">Cours priv\u00e9s<\/h3><\/div><\/div>\n\n<div style=\"height:30px\" aria-hidden=\"true\" class=\" wp-block-spacer eplus-wrapper\"><\/div>\n\n<p class=\" has-text-align-center eplus-wrapper\">Je me d\u00e9place \u00e0 Bordeaux ou \u00e0 Paris pour donner des cours particuliers et\/ou de groupe dans des endroits publiques o\u00f9 chez vous.<\/p>\n\n<p class=\" has-text-align-center eplus-wrapper\">Ces cours vous permettront de r\u00e9ellement approfondir votre pratique et d&rsquo;avoir des conseils personnalis\u00e9s pour progresser. <\/p>\n\n<p class=\" has-text-align-center eplus-wrapper\">Tarifs cours priv\u00e9s : 50\u20ac + 10 \u20ac\/personne suppl\u00e9mentaire (au-del\u00e0 de 2 personnes pour un maximum de 5 personnes).<\/p>\n\n<div class=\" wp-block-buttons eplus-wrapper is-content-justification-center is-layout-flex wp-container-core-buttons-is-layout-2 wp-block-buttons-is-layout-flex\"><div class=\"is-style-fill wp-block-button eplus-wrapper eplus-styles-uid-a7f7d9\"><a class=\"wp-block-button__link has-white-color has-text-color has-background has-link-color has-text-align-center wp-element-button\" href=\"https:\/\/yogvibha.com\/index.php\/contact\/\" style=\"background-color:#9c7d51\">Me contacter<\/a><\/div><\/div><\/div><\/div>\n\n<p class=\" eplus-wrapper\"><br><\/p><\/div><\/div><\/div><\/div><\/div><div style=\"height:100px\" aria-hidden=\"true\" class=\" wp-block-spacer eplus-wrapper\"><\/div><div class=\" wp-block-columns eplus-wrapper is-layout-flex wp-container-core-columns-is-layout-2 wp-block-columns-is-layout-flex eplus-styles-uid-906bb0\"><div class=\" wp-block-column eplus-wrapper is-layout-flow wp-block-column-is-layout-flow\"><div class=\" wp-block-cover eplus-wrapper\"><span aria-hidden=\"true\" class=\"wp-block-cover__background has-background-dim-30 has-background-dim\"><\/span><img loading=\"lazy\" decoding=\"async\" width=\"800\" height=\"800\" class=\"wp-block-cover__image-background wp-image-4948\" alt=\"\" src=\"https:\/\/yogvibha.com\/wp-content\/uploads\/2024\/01\/3.jpg\" data-object-fit=\"cover\" srcset=\"https:\/\/yogvibha.com\/wp-content\/uploads\/2024\/01\/3.jpg 800w, https:\/\/yogvibha.com\/wp-content\/uploads\/2024\/01\/3-300x300.jpg 300w, https:\/\/yogvibha.com\/wp-content\/uploads\/2024\/01\/3-100x100.jpg 100w, https:\/\/yogvibha.com\/wp-content\/uploads\/2024\/01\/3-600x600.jpg 600w, https:\/\/yogvibha.com\/wp-content\/uploads\/2024\/01\/3-150x150.jpg 150w, https:\/\/yogvibha.com\/wp-content\/uploads\/2024\/01\/3-768x768.jpg 768w\" sizes=\"(max-width: 800px) 100vw, 800px\" \/><div class=\"wp-block-cover__inner-container is-layout-flow wp-block-cover-is-layout-flow\"><div class=\" wp-block-group eplus-wrapper\"><div class=\"wp-block-group__inner-container is-layout-constrained wp-block-group-is-layout-constrained\"><h3 class=\" wp-block-heading has-text-align-center has-large-font-size eplus-wrapper eplus-styles-uid-432f43\">Cours en pr\u00e9sentiel<\/h3>\n\n<h3 class=\" wp-block-heading has-text-align-center has-large-font-size eplus-wrapper eplus-styles-uid-432f43\">en studio \u00e0 Bordeaux<\/h3><\/div><\/div><\/div><\/div>\n\n<div style=\"height:30px\" aria-hidden=\"true\" class=\" wp-block-spacer eplus-wrapper\"><\/div>\n\n<p class=\" has-text-align-center eplus-wrapper\">Je collabore avec des studios pour les cours de yoga en pr\u00e9sentiel sur<strong> Bordeaux<\/strong>, nous vous donnons rendez-vous :<\/p>\n\n<ul class=\" wp-block-list eplus-wrapper eplus-styles-uid-b53dfe\"><li class=\" eplus-wrapper eplus-styles-uid-f3364f\">Mardi \u00e0 12h30 : Hatha (YWY &#8211; Chartrons)<\/li>\n\n<li class=\" eplus-wrapper eplus-styles-uid-f3364f\">Mercredi 19h30 : Vinyasa (YITC)<\/li>\n\n<li class=\" eplus-wrapper eplus-styles-uid-f3364f\">Jeudi \u00e0 12h30 : Yoga doux &amp; mobilit\u00e9 (ASDSBE)<\/li>\n\n<li class=\" eplus-wrapper eplus-styles-uid-f3364f\">Vendredi \u00e0 18h30 : Hatha d\u00e9butant (YWY &#8211; Bouscat)<\/li>\n\n<li class=\" eplus-wrapper eplus-styles-uid-f3364f\">Vendredi \u00e0 20h00 : Yoga doux et voyage sonore (YWY &#8211; Bouscat)<\/li>\n\n<li class=\" eplus-wrapper eplus-styles-uid-f3364f\">Samedi \u00e0 11H30 : Hatha (YWY &#8211; Bouscat)<\/li>\n\n<li class=\" eplus-wrapper eplus-styles-uid-f3364f\">Dimanche \u00e0 17h30 : Hatha (ASDSBE)<\/li>\n\n<li class=\" eplus-wrapper eplus-styles-uid-f3364f\">Dimanche \u00e0 18h45 : Yin Yoga (ASDSBE)<\/li><\/ul>\n\n<p class=\" has-text-align-center eplus-wrapper\">Pour participer aux cours, r\u00e9server directement aupr\u00e8s des studios.<\/p>\n\n<div class=\" wp-block-buttons eplus-wrapper is-content-justification-center is-layout-flex wp-container-core-buttons-is-layout-3 wp-block-buttons-is-layout-flex\"><div class=\" wp-block-button eplus-wrapper eplus-styles-uid-5564ea\"><a class=\"wp-block-button__link has-white-color has-text-color has-background has-link-color wp-element-button\" href=\"https:\/\/msha.ke\/yogvibha#links\" style=\"background-color:#9c7d51\" target=\"_blank\" rel=\"noreferrer noopener\">Info &amp; r\u00e9servation<\/a><\/div><\/div><\/div>\n\n<div class=\" wp-block-column eplus-wrapper is-layout-flow wp-block-column-is-layout-flow\"><div class=\" wp-block-cover eplus-wrapper\"><span aria-hidden=\"true\" class=\"wp-block-cover__background has-background-dim-30 has-background-dim\"><\/span><img loading=\"lazy\" decoding=\"async\" width=\"800\" height=\"800\" class=\"wp-block-cover__image-background wp-image-4949\" alt=\"\" src=\"https:\/\/yogvibha.com\/wp-content\/uploads\/2024\/01\/4.jpg\" data-object-fit=\"cover\" srcset=\"https:\/\/yogvibha.com\/wp-content\/uploads\/2024\/01\/4.jpg 800w, https:\/\/yogvibha.com\/wp-content\/uploads\/2024\/01\/4-300x300.jpg 300w, https:\/\/yogvibha.com\/wp-content\/uploads\/2024\/01\/4-100x100.jpg 100w, https:\/\/yogvibha.com\/wp-content\/uploads\/2024\/01\/4-600x600.jpg 600w, https:\/\/yogvibha.com\/wp-content\/uploads\/2024\/01\/4-150x150.jpg 150w, https:\/\/yogvibha.com\/wp-content\/uploads\/2024\/01\/4-768x768.jpg 768w\" sizes=\"(max-width: 800px) 100vw, 800px\" \/><div class=\"wp-block-cover__inner-container is-layout-flow wp-block-cover-is-layout-flow\"><h3 class=\" wp-block-heading has-text-align-center has-large-font-size eplus-wrapper\">Cours VOD<\/h3>\n\n<h3 class=\" wp-block-heading has-text-align-center has-large-font-size eplus-wrapper\">Namastrip Online<\/h3><\/div><\/div>\n\n<div style=\"height:30px\" aria-hidden=\"true\" class=\" wp-block-spacer eplus-wrapper\"><\/div>\n\n<p class=\" has-text-align-center eplus-wrapper\">Retrouvez-moi dans des vid\u00e9os HD pr\u00e9enregistr\u00e9es sur la plateforme de bien-\u00eatre en ligne. Namastrip Online c&rsquo;est : <\/p>\n\n<ul class=\" wp-block-list eplus-wrapper eplus-styles-uid-31083b\"><li class=\" eplus-wrapper eplus-styles-uid-5585bf\">1 application mobile<\/li>\n\n<li class=\" eplus-wrapper eplus-styles-uid-5585bf\">+800 vid\u00e9os<\/li>\n\n<li class=\" eplus-wrapper eplus-styles-uid-5585bf\">+25 pratiques bien-\u00eatre diff\u00e9rentes<\/li>\n\n<li class=\" eplus-wrapper eplus-styles-uid-5585bf\">+75 intervenants diff\u00e9rents<\/li><\/ul>\n\n<p class=\" has-text-align-center eplus-wrapper\">le tout pour vous aider \u00e0 prendre soin de votre sant\u00e9 mentale et physique !<\/p>\n\n<div class=\" wp-block-buttons eplus-wrapper is-content-justification-center is-layout-flex wp-container-core-buttons-is-layout-4 wp-block-buttons-is-layout-flex\"><div class=\" wp-block-button eplus-wrapper eplus-styles-uid-c390d4\"><a class=\"wp-block-button__link has-white-color has-text-color has-background has-link-color has-text-align-center wp-element-button\" href=\"https:\/\/namastrip-online.com\/authors\/milena-ponsart\" style=\"background-color:#9c7d51\" target=\"_blank\" rel=\"noreferrer noopener\">D\u00e9couvrir<\/a><\/div><\/div><\/div><\/div><div style=\"height:40px\" aria-hidden=\"true\" class=\" wp-block-spacer eplus-wrapper\"><\/div><h4 class=\" wp-block-heading has-text-align-center eplus-wrapper\">\u00c0 tr\u00e8s bient\u00f4t sur le tapis !<\/h4><div style=\"height:100px\" aria-hidden=\"true\" class=\" wp-block-spacer eplus-wrapper\"><\/div>","protected":false},"excerpt":{"rendered":"<p>D\u00e9couvrez les diff\u00e9rentes fa\u00e7ons et les endroits pour pratiquer le yoga ensemble. Je vous donne rendez-vous sur Zoom pour les cours de yoga : Dans[&#8230;]<\/p>\n","protected":false},"author":1,"featured_media":0,"parent":0,"menu_order":0,"comment_status":"closed","ping_status":"closed","template":"","meta":{"om_disable_all_campaigns":false,"editor_plus_copied_stylings":"{}","_monsterinsights_skip_tracking":false,"_monsterinsights_sitenote_active":false,"_monsterinsights_sitenote_note":"","_monsterinsights_sitenote_category":0,"footnotes":""},"class_list":["post-4945","page","type-page","status-publish","hentry"],"aioseo_notices":[],"jetpack_sharing_enabled":true,"_links":{"self":[{"href":"https:\/\/yogvibha.com\/index.php\/wp-json\/wp\/v2\/pages\/4945"}],"collection":[{"href":"https:\/\/yogvibha.com\/index.php\/wp-json\/wp\/v2\/pages"}],"about":[{"href":"https:\/\/yogvibha.com\/index.php\/wp-json\/wp\/v2\/types\/page"}],"author":[{"embeddable":true,"href":"https:\/\/yogvibha.com\/index.php\/wp-json\/wp\/v2\/users\/1"}],"replies":[{"embeddable":true,"href":"https:\/\/yogvibha.com\/index.php\/wp-json\/wp\/v2\/comments?post=4945"}],"version-history":[{"count":57,"href":"https:\/\/yogvibha.com\/index.php\/wp-json\/wp\/v2\/pages\/4945\/revisions"}],"predecessor-version":[{"id":6333,"href":"https:\/\/yogvibha.com\/index.php\/wp-json\/wp\/v2\/pages\/4945\/revisions\/6333"}],"wp:attachment":[{"href":"https:\/\/yogvibha.com\/index.php\/wp-json\/wp\/v2\/media?parent=4945"}],"curies":[{"name":"wp","href":"https:\/\/api.w.org\/{rel}","templated":true}]}}