{"id":4843,"date":"2024-01-12T18:37:57","date_gmt":"2024-01-12T17:37:57","guid":{"rendered":"https:\/\/yogvibha.com\/?page_id=4843"},"modified":"2025-01-31T00:10:01","modified_gmt":"2025-01-30T23:10:01","slug":"avis","status":"publish","type":"page","link":"https:\/\/yogvibha.com\/index.php\/avis\/","title":{"rendered":"Avis"},"content":{"rendered":"<div class=\"eplus-xJAWXR wp-block-group alignfull eplus-wrapper eplus-styles-uid-e9db69\"><div class=\"wp-block-group__inner-container is-layout-flow wp-block-group-is-layout-flow\"><p class=\"eplus-xM2RGJ has-text-align-center has-text-color eplus-wrapper eplus-styles-uid-5776a4\" style=\"color:#465c69\">Chaqu&rsquo;un de vos retours me rempli le c\u0153ur de joie et de reconnaissance !<\/p>\n\n<div class=\"eplus-D4eW53 wp-block-columns eplus-wrapper is-layout-flex wp-container-core-columns-is-layout-1 wp-block-columns-is-layout-flex eplus-styles-uid-09d9e2\"><div class=\"eplus-u7mSAI wp-block-column eplus-wrapper is-layout-flow wp-block-column-is-layout-flow\"><div class=\"eplus-K42FvQ wp-block-group eplus-wrapper eplus-styles-uid-e70c05\"><div class=\"wp-block-group__inner-container is-layout-flow wp-block-group-is-layout-flow\"><div class=\"ep_icon__e84dffc5-9f46-48cf-bc78-57bb4e3de40b undefined\"><div class=\"ep_icon_wrapper\"><span class=\"eplusicon-quote-right\"><\/span><\/div><\/div><style>.eplus_styles .ep_icon__e84dffc5-9f46-48cf-bc78-57bb4e3de40b .ep_icon_wrapper {\n                \n                text-align: left;\n            }.eplus_styles .ep_icon__e84dffc5-9f46-48cf-bc78-57bb4e3de40b .ep_icon_wrapper span {\n                \n                color: #9c7d51;\n            }.eplus_styles .ep_icon__e84dffc5-9f46-48cf-bc78-57bb4e3de40b .ep_icon_wrapper span {\n                \n                font-size: 40px ;\n            }<\/style>\n\n<p class=\"eplus-zNBya1 has-text-align-center has-text-color has-link-color eplus-wrapper wp-elements-5845e5ebc4b147565c14f8db1399f652 eplus-styles-uid-7c5d9e\" style=\"color:#465c69\">Merci encore pour ton cours, il \u00e9tait vraiment top ! Ton \u00e9nergie de dingue fait trop du bien ! J&rsquo;aime trop ta fa\u00e7on de faire, c&rsquo;est pas comme d&rsquo;habitude je trouve, tu fais au feeling et du coup on se sent plus dans l&rsquo;instant pr\u00e9sent je trouve ! J&rsquo;ai pass\u00e9 une semaine difficile et la \u00e7a m&rsquo;a vraiment fait du bien je me sens mieux alors je trouvais \u00e7a important de te le dire.<\/p>\n\n<h5 class=\"eplus-LOl9aB wp-block-heading has-text-align-center has-text-color has-link-color eplus-wrapper wp-elements-d215e717720e1cc519f4a418f7292f3a eplus-styles-uid-1b2132\" style=\"color:#465c69;font-size:24px\">Marion<\/h5><\/div><\/div><\/div>\n\n<div class=\"eplus-bgvygb wp-block-column eplus-wrapper is-layout-flow wp-block-column-is-layout-flow\"><div class=\"eplus-zzduvt wp-block-group eplus-wrapper eplus-styles-uid-e70c05\"><div class=\"wp-block-group__inner-container is-layout-flow wp-block-group-is-layout-flow\"><div class=\"ep_icon__102951e0-e16b-4879-b27b-506c5c6b03dd undefined\"><div class=\"ep_icon_wrapper\"><span class=\"eplusicon-quote-right\"><\/span><\/div><\/div><style>.eplus_styles .ep_icon__102951e0-e16b-4879-b27b-506c5c6b03dd .ep_icon_wrapper {\n                \n                text-align: left;\n            }.eplus_styles .ep_icon__102951e0-e16b-4879-b27b-506c5c6b03dd .ep_icon_wrapper span {\n                \n                color: #9c7d51;\n            }.eplus_styles .ep_icon__102951e0-e16b-4879-b27b-506c5c6b03dd .ep_icon_wrapper span {\n                \n                font-size: 40px ;\n            }<\/style>\n\n<p class=\"eplus-SVban1 has-text-align-center has-text-color has-link-color eplus-wrapper wp-elements-c616f602c49cae74e9f19182db82a8fd eplus-styles-uid-7c5d9e\" style=\"color:#465c69\">J&rsquo;appr\u00e9cie beaucoup la douceur de la p\u00e9dagogie de Mil\u00e9na et ses conseils sur les positions, un plus quand on pratique en visio. J&rsquo;ai par ailleurs la chance et le privil\u00e8ge de pratiquer en pr\u00e9sentiel avec Mil\u00e9na, c&rsquo;est g\u00e9nial. N&rsquo;h\u00e9sitez pas \u00e0 tenter cette s\u00e9ance, elle d\u00e9tend +++<\/p>\n\n<h5 class=\"eplus-mAF2Sv wp-block-heading has-text-align-center has-text-color has-link-color eplus-wrapper wp-elements-0cb1ba4f26173a987a8a35e55c415bc2 eplus-styles-uid-1b2132\" style=\"color:#465c69;font-size:24px\">Charl\u00e8ne<\/h5><\/div><\/div><\/div>\n\n<div class=\"eplus-JGyqYQ wp-block-column eplus-wrapper is-layout-flow wp-block-column-is-layout-flow\"><div class=\"eplus-vQvhPH wp-block-group eplus-wrapper eplus-styles-uid-e70c05\"><div class=\"wp-block-group__inner-container is-layout-flow wp-block-group-is-layout-flow\"><div class=\"ep_icon__89e0c480-2f4c-41e8-b91c-744218c9f41d undefined\"><div class=\"ep_icon_wrapper\"><span class=\"eplusicon-quote-right\"><\/span><\/div><\/div><style>.eplus_styles .ep_icon__89e0c480-2f4c-41e8-b91c-744218c9f41d .ep_icon_wrapper {\n                \n                text-align: left;\n            }.eplus_styles .ep_icon__89e0c480-2f4c-41e8-b91c-744218c9f41d .ep_icon_wrapper span {\n                \n                color: #9c7d51;\n            }.eplus_styles .ep_icon__89e0c480-2f4c-41e8-b91c-744218c9f41d .ep_icon_wrapper span {\n                \n                font-size: 40px ;\n            }<\/style>\n\n<p class=\"eplus-nV5HO2 has-text-align-center has-text-color has-link-color eplus-wrapper wp-elements-a6a6566ce7bde93ae164e60d6e110984 eplus-styles-uid-7c5d9e\" style=\"color:#465c69\">Je voulais juste te dire merci pour le cours de Hatha de ce matin. Mes 3 amis qui \u00e9taient de passage \u00e0<br>Bordeaux ont ador\u00e9, comme moi, ta fa\u00e7on d&rsquo;enseigner attentive avec des ajustements pertinents et tout en douceur.<\/p>\n\n<h5 class=\"eplus-Igtphn wp-block-heading has-text-align-center has-text-color has-link-color eplus-wrapper wp-elements-2de5c6c7f3c170264e4c7cab7f51f1c0 eplus-styles-uid-1b2132\" style=\"color:#465c69;font-size:24px\">Val\u00e9rie<\/h5><\/div><\/div><\/div><\/div>\n\n<div class=\" eplus-ivpoGx wp-block-columns eplus-wrapper is-layout-flex wp-container-core-columns-is-layout-2 wp-block-columns-is-layout-flex eplus-styles-uid-57ac4c\"><div class=\" eplus-qatmjK wp-block-column eplus-wrapper is-layout-flow wp-block-column-is-layout-flow\"><div class=\" eplus-DtFJyO wp-block-group eplus-wrapper eplus-styles-uid-e70c05\"><div class=\"wp-block-group__inner-container is-layout-flow wp-block-group-is-layout-flow\"><div class=\"ep_icon__52efc576-63fb-4e18-954f-91a7d86b1df8 undefined\"><div class=\"ep_icon_wrapper\"><span class=\"eplusicon-quote-right\"><\/span><\/div><\/div><style>.eplus_styles .ep_icon__52efc576-63fb-4e18-954f-91a7d86b1df8 .ep_icon_wrapper {\n                \n                text-align: left;\n            }.eplus_styles .ep_icon__52efc576-63fb-4e18-954f-91a7d86b1df8 .ep_icon_wrapper span {\n                \n                color: #9c7d51;\n            }.eplus_styles .ep_icon__52efc576-63fb-4e18-954f-91a7d86b1df8 .ep_icon_wrapper span {\n                \n                font-size: 40px ;\n            }<\/style>\n\n<p class=\" eplus-Is8dI4 has-text-align-center eplus-wrapper eplus-styles-uid-f0381f\">J&rsquo;avoue que je suis arriv\u00e9e au cours dans un mauvais mood (SPM) et j&rsquo;en suis ressortie hyper apais\u00e9e et fi\u00e8re de moi, un pur moment de bonheur !!<\/p>\n\n<h5 class=\" eplus-FWOoux wp-block-heading has-text-align-center has-text-color has-link-color eplus-wrapper wp-elements-755d517ade9a34afe21868b0332c4667 eplus-styles-uid-1b2132\" style=\"color:#465c69;font-size:24px\">In\u00e8s<\/h5><\/div><\/div><\/div>\n\n<div class=\" eplus-8cRrer wp-block-column eplus-wrapper is-layout-flow wp-block-column-is-layout-flow\"><div class=\" eplus-WT0rrv wp-block-group eplus-wrapper eplus-styles-uid-e70c05\"><div class=\"wp-block-group__inner-container is-layout-flow wp-block-group-is-layout-flow\"><div class=\"ep_icon__72190cf9-66e9-4f3c-bf91-2f31fe6d8e0b undefined\"><div class=\"ep_icon_wrapper\"><span class=\"eplusicon-quote-right\"><\/span><\/div><\/div><style>.eplus_styles .ep_icon__72190cf9-66e9-4f3c-bf91-2f31fe6d8e0b .ep_icon_wrapper {\n                \n                text-align: left;\n            }.eplus_styles .ep_icon__72190cf9-66e9-4f3c-bf91-2f31fe6d8e0b .ep_icon_wrapper span {\n                \n                color: #9c7d51;\n            }.eplus_styles .ep_icon__72190cf9-66e9-4f3c-bf91-2f31fe6d8e0b .ep_icon_wrapper span {\n                \n                font-size: 40px ;\n            }<\/style>\n\n<p class=\" eplus-Tg8THp has-text-align-center has-text-color has-link-color eplus-wrapper wp-elements-8e9297eefeb0c72d1bf25226d5303784 eplus-styles-uid-7c5d9e\" style=\"color:#465c69\">J&rsquo;ai ador\u00e9 cette s\u00e9ance ! La voix de Mil\u00e9na est incroyablement agr\u00e9able, sa fa\u00e7on de guider est tr\u00e8s claire&#8230; Je me remets tout juste au Yoga et c&rsquo;est exactement ce qu&rsquo;il me fallait ! Merci !<\/p>\n\n<h5 class=\" eplus-oGb1SS wp-block-heading has-text-align-center has-text-color has-link-color eplus-wrapper wp-elements-2b587b5b86fa4c51fb2ba2200f86ac74 eplus-styles-uid-1b2132\" style=\"color:#465c69;font-size:24px\">Victoire<\/h5><\/div><\/div>\n\n<div class=\" wp-block-buttons eplus-wrapper is-content-justification-center is-layout-flex wp-container-core-buttons-is-layout-1 wp-block-buttons-is-layout-flex\"><\/div><\/div>\n\n<div class=\" eplus-vOov0X wp-block-column eplus-wrapper is-layout-flow wp-block-column-is-layout-flow\"><div class=\" eplus-fIwQ1W wp-block-group eplus-wrapper eplus-styles-uid-e70c05\"><div class=\"wp-block-group__inner-container is-layout-flow wp-block-group-is-layout-flow\"><div class=\"ep_icon__ce44acf2-7e25-4fd3-86ee-cae84e6dde76 undefined\"><div class=\"ep_icon_wrapper\"><span class=\"eplusicon-quote-right\"><\/span><\/div><\/div><style>.eplus_styles .ep_icon__ce44acf2-7e25-4fd3-86ee-cae84e6dde76 .ep_icon_wrapper {\n                \n                text-align: left;\n            }.eplus_styles .ep_icon__ce44acf2-7e25-4fd3-86ee-cae84e6dde76 .ep_icon_wrapper span {\n                \n                color: #9c7d51;\n            }.eplus_styles .ep_icon__ce44acf2-7e25-4fd3-86ee-cae84e6dde76 .ep_icon_wrapper span {\n                \n                font-size: 40px ;\n            }<\/style>\n\n<p class=\" eplus-dWz0Gv has-text-align-center has-text-color has-link-color eplus-wrapper wp-elements-12cf49478fb580424800be9ddaed7e42 eplus-styles-uid-7c5d9e\" style=\"color:#465c69\">C&rsquo;\u00e9tait une fois de plus g\u00e9nial !<br>Milena est passionn\u00e9e et on le ressent \u00e0 chaque cours. Elle prend le temps de tout expliquer, quel bonheur quand on d\u00e9bute.<\/p>\n\n<h5 class=\" eplus-JPLv6d wp-block-heading has-text-align-center has-text-color has-link-color eplus-wrapper wp-elements-bade92a00722036880a649db775bf423 eplus-styles-uid-1b2132\" style=\"color:#465c69;font-size:24px\">Th\u00e9o<\/h5><\/div><\/div><\/div><\/div>\n\n<div style=\"height:60px\" aria-hidden=\"true\" class=\" wp-block-spacer eplus-wrapper\"><\/div>\n\n<div class=\" wp-block-buttons eplus-wrapper is-content-justification-center is-layout-flex wp-container-core-buttons-is-layout-2 wp-block-buttons-is-layout-flex\"><div class=\" ep-custom-buttons-icon wp-block-button eplus-wrapper eplus-styles-uid-c684ed\"><a class=\"wp-block-button__link has-white-color has-text-color has-background has-link-color wp-element-button\" href=\"https:\/\/www.google.com\/search?sa=X&amp;sca_esv=b908219b1bf6d03c&amp;hl=fr&amp;authuser=0&amp;tbm=lcl&amp;sxsrf=AHTn8zoeAQwiY2O41tD8gQkZpVjcys7nxg:1738278376466&amp;q=Milena+Yog+Vibha+Avis&amp;rflfq=1&amp;num=20&amp;stick=H4sIAAAAAAAAAONgkxIxNDWxNDM3MrU0tDQ2Nbc0MzQ2t9jAyPiKUdQ3Myc1L1EhMj9dISwzKSNRwbEss3gRK3ZxAJce5DtLAAAA&amp;rldimm=15496725919357961378&amp;ved=2ahUKEwigqJnJx56LAxVcU6QEHfMgKFMQ9fQKegQIRRAF&amp;biw=1648&amp;bih=896&amp;dpr=1.8#lkt=LocalPoiReviews\" style=\"background-color:#9c7d51\" target=\"_blank\" rel=\"noreferrer noopener\">Laisser un avis<\/a><\/div><\/div>\n\n<div style=\"height:100px\" aria-hidden=\"true\" class=\" wp-block-spacer eplus-wrapper\"><\/div>\n\n<div class=\" wp-block-cover eplus-wrapper eplus-styles-uid-77b4bf\" style=\"min-height:184px;aspect-ratio:unset;aspect-ratio:unset;\"><span aria-hidden=\"true\" class=\"wp-block-cover__background has-background-dim-20 has-background-dim\"><\/span><img loading=\"lazy\" decoding=\"async\" width=\"1024\" height=\"512\" class=\"wp-block-cover__image-background wp-image-4887\" alt=\"\" src=\"https:\/\/yogvibha.com\/wp-content\/uploads\/2024\/01\/Design-sans-titre-10-1024x512.jpg\" style=\"object-position:52% 45%\" data-object-fit=\"cover\" data-object-position=\"52% 45%\" srcset=\"https:\/\/yogvibha.com\/wp-content\/uploads\/2024\/01\/Design-sans-titre-10-1024x512.jpg 1024w, https:\/\/yogvibha.com\/wp-content\/uploads\/2024\/01\/Design-sans-titre-10-300x150.jpg 300w, https:\/\/yogvibha.com\/wp-content\/uploads\/2024\/01\/Design-sans-titre-10-scaled-600x300.jpg 600w, https:\/\/yogvibha.com\/wp-content\/uploads\/2024\/01\/Design-sans-titre-10-768x384.jpg 768w, https:\/\/yogvibha.com\/wp-content\/uploads\/2024\/01\/Design-sans-titre-10-1536x768.jpg 1536w, https:\/\/yogvibha.com\/wp-content\/uploads\/2024\/01\/Design-sans-titre-10-2048x1024.jpg 2048w\" sizes=\"(max-width: 1024px) 100vw, 1024px\" \/><div class=\"wp-block-cover__inner-container is-layout-flow wp-block-cover-is-layout-flow\"><h2 class=\" wp-block-heading has-text-align-center has-large-font-size eplus-wrapper\">Merci<\/h2><\/div><\/div><\/div><\/div>","protected":false},"excerpt":{"rendered":"<p>Chaqu&rsquo;un de vos retours me rempli le c\u0153ur de joie et de reconnaissance ! Merci encore pour ton cours, il \u00e9tait vraiment top ! Ton[&#8230;]<\/p>\n","protected":false},"author":3,"featured_media":0,"parent":0,"menu_order":0,"comment_status":"closed","ping_status":"closed","template":"","meta":{"om_disable_all_campaigns":false,"editor_plus_copied_stylings":"{}","_monsterinsights_skip_tracking":false,"_monsterinsights_sitenote_active":false,"_monsterinsights_sitenote_note":"","_monsterinsights_sitenote_category":0,"footnotes":""},"class_list":["post-4843","page","type-page","status-publish","hentry"],"aioseo_notices":[],"jetpack_sharing_enabled":true,"_links":{"self":[{"href":"https:\/\/yogvibha.com\/index.php\/wp-json\/wp\/v2\/pages\/4843"}],"collection":[{"href":"https:\/\/yogvibha.com\/index.php\/wp-json\/wp\/v2\/pages"}],"about":[{"href":"https:\/\/yogvibha.com\/index.php\/wp-json\/wp\/v2\/types\/page"}],"author":[{"embeddable":true,"href":"https:\/\/yogvibha.com\/index.php\/wp-json\/wp\/v2\/users\/3"}],"replies":[{"embeddable":true,"href":"https:\/\/yogvibha.com\/index.php\/wp-json\/wp\/v2\/comments?post=4843"}],"version-history":[{"count":28,"href":"https:\/\/yogvibha.com\/index.php\/wp-json\/wp\/v2\/pages\/4843\/revisions"}],"predecessor-version":[{"id":6340,"href":"https:\/\/yogvibha.com\/index.php\/wp-json\/wp\/v2\/pages\/4843\/revisions\/6340"}],"wp:attachment":[{"href":"https:\/\/yogvibha.com\/index.php\/wp-json\/wp\/v2\/media?parent=4843"}],"curies":[{"name":"wp","href":"https:\/\/api.w.org\/{rel}","templated":true}]}}