{"id":4839,"date":"2024-01-10T17:18:18","date_gmt":"2024-01-10T16:18:18","guid":{"rendered":"https:\/\/yogvibha.com\/?page_id=4839"},"modified":"2025-06-08T10:52:35","modified_gmt":"2025-06-08T08:52:35","slug":"a-propos","status":"publish","type":"page","link":"https:\/\/yogvibha.com\/index.php\/a-propos\/","title":{"rendered":"\u00c0 propos"},"content":{"rendered":"<p class=\"has-text-align-center eplus-wrapper has-background\" style=\"background:radial-gradient(rgb(187,222,240) 1%,rgb(255,255,255) 70%)\">Quand est-ce que je me sens la plus vivante ? Lorsque j\u2019enseigne et je transmets les diff\u00e9rentes pratiques qui ont chang\u00e9 ma vie et que je vois vos t\u00eates d\u00e9tendues et un peu sonn\u00e9es par la relaxation finale\u2026<\/p><div class=\"wp-block-columns eplus-wrapper is-layout-flex wp-container-core-columns-is-layout-1 wp-block-columns-is-layout-flex\"><div class=\"wp-block-column eplus-wrapper is-layout-flow wp-block-column-is-layout-flow\"><div class=\"wp-block-image is-style-default edplus_anim-Qdjnn9 eplus-wrapper\"><figure class=\"alignright size-large is-resized\"><img loading=\"lazy\" decoding=\"async\" width=\"768\" height=\"1024\" src=\"https:\/\/yogvibha.com\/wp-content\/uploads\/2024\/01\/WhatsApp-Image-2023-12-28-at-13.27.39-3-768x1024.jpeg\" alt=\"\" class=\"wp-image-4766\" style=\"width:412px;height:auto\" srcset=\"https:\/\/yogvibha.com\/wp-content\/uploads\/2024\/01\/WhatsApp-Image-2023-12-28-at-13.27.39-3-768x1024.jpeg 768w, https:\/\/yogvibha.com\/wp-content\/uploads\/2024\/01\/WhatsApp-Image-2023-12-28-at-13.27.39-3-300x400.jpeg 300w, https:\/\/yogvibha.com\/wp-content\/uploads\/2024\/01\/WhatsApp-Image-2023-12-28-at-13.27.39-3-600x800.jpeg 600w, https:\/\/yogvibha.com\/wp-content\/uploads\/2024\/01\/WhatsApp-Image-2023-12-28-at-13.27.39-3-225x300.jpeg 225w, https:\/\/yogvibha.com\/wp-content\/uploads\/2024\/01\/WhatsApp-Image-2023-12-28-at-13.27.39-3-1152x1536.jpeg 1152w, https:\/\/yogvibha.com\/wp-content\/uploads\/2024\/01\/WhatsApp-Image-2023-12-28-at-13.27.39-3.jpeg 1536w\" sizes=\"(max-width: 768px) 100vw, 768px\" \/><\/figure><\/div><\/div>\n\n<div class=\"wp-block-column is-vertically-aligned-center eplus-wrapper is-layout-flow wp-block-column-is-layout-flow\"><h2 class=\"wp-block-heading eplus-wrapper\">Mon enseignement<\/h2>\n\n<p class=\"eplus-wrapper\">J\u2019enseigne principalement le <strong>Hatha yoga, le Vinyasa Flow et le Yin yoga<\/strong>, le tout de fa\u00e7on <strong>holistique<\/strong>. J\u2019inclus toujours dans mes <a href=\"https:\/\/yogvibha.com\/index.php\/cours-de-yoga\/\" title=\"cours de yoga\">cours de yoga<\/a> des exercices de respiration (pranayama) et la m\u00e9ditation (dyana) dans mes cours.<\/p>\n\n<p class=\"eplus-wrapper\">J\u2019aime d\u00e9mystifier le yoga pour le rendre accessible \u00e0 tous. Mes cours sont ouverts \u00e0 tous, m\u00eame aux personnes qui d\u00e9butent le yoga, \u00e0 tous ceux qui cherchent \u00e0 se r\u00e9approprier leur corps, apaiser leur esprit et se reconnecter \u00e0 leur spiritualit\u00e9.<\/p>\n\n<p class=\"eplus-wrapper\">Je propose \u00e9galement des espaces sacr\u00e9s : <strong>voyages sonores, c\u00e9r\u00e9monies du cacao sacr\u00e9, cercles de paroles<\/strong>&#8230; M\u00eame si je n\u2019ai aucune preuve, j\u2019aime imaginer que ce monde est fait de magie\u202f; c\u2019est pourquoi je viens saupoudrer mes cours de spiritualit\u00e9.&nbsp;<\/p>\n\n<p class=\"eplus-wrapper\">Qu\u2019on y croit ou non, la spiritualit\u00e9 permets de ramener la joie et de retrouver du sens \u00e0 la vie. Gr\u00e2ce \u00e0 cette foi en l\u2019univers, on peut accueillir l&rsquo;espoir, refaire confiance et traverser les p\u00e9riodes difficiles avec plus d\u2019aise.<\/p><\/div><\/div><h2 class=\"wp-block-heading eplus-wrapper\">Mon histoire<\/h2><p class=\"eplus-wrapper\">Le yoga a \u00e9t\u00e9 ma bou\u00e9e de sauvetage, dans la p\u00e9riode la plus sombre de ma vie. Puis, en 2014, il y a maintenant +10 ans que je me tourne vers le yoga pour apaiser mon anxi\u00e9t\u00e9, traiter mes crises d\u2019angoisses et \u00e9loigner la d\u00e9pression.<\/p><p class=\"eplus-wrapper\">Au d\u00e9but, ce n\u2019\u00e9tait pas tr\u00e8s efficace, car il fallait tout apprendre (ou r\u00e9apprendre) : respirer, bouger son corps dans l\u2019espace, mais aussi et surtout, m\u2019autoriser \u00e0 l\u00e2cher prise. Au fur et \u00e0 mesure, j\u2019ai vu de vraies am\u00e9liorations : je me sentais mieux.<\/p><p class=\"eplus-wrapper\">Ensuite, en 2018, je suis ma premi\u00e8re formation de yoga pour approfondir ma pratique davantage, sans but d\u2019enseigner\u2026 Vous l\u2019aurez devin\u00e9, j\u2019ai (beaucoup) pris gout \u00e0 donner des cours, \u00e0 partager ma passion et les outils qui me font tant de bien. Depuis, je continue \u00e0 enseigner et \u00e0 me former pour proposer de r\u00e9els moments suspendus dans le temps qui nous ram\u00e8nent \u00e0 la pleine pr\u00e9sence.<\/p><p class=\"eplus-wrapper\">En 2023, je voyage en Inde pour une formation de 300h. Lors de cette formation, guruji Vishvketum&rsquo;a offert mon nom spirituel Yog Vibha, qui signifie \u00ab\u00a0Unity of Shining light\u00a0\u00bb. J&rsquo;aime ce nom avec tout mon c\u0153ur et il est maintenant mon mantra. Dans tous les cas, je vous laisse la libert\u00e9 de m&rsquo;appeler par mon nom spirituel ou mon pr\u00e9nom de naissance, Mil\u00e9na. <\/p><div class=\"wp-block-image edplus_anim-lPsOMs eplus-wrapper\"><figure class=\"alignright is-resized\"><img loading=\"lazy\" decoding=\"async\" width=\"683\" height=\"1024\" src=\"https:\/\/yogvibha.com\/wp-content\/uploads\/2024\/01\/Design-sans-titre-9-683x1024.jpg\" alt=\"\" class=\"wp-image-4871\" style=\"width:321px;height:auto\" srcset=\"https:\/\/yogvibha.com\/wp-content\/uploads\/2024\/01\/Design-sans-titre-9-683x1024.jpg 683w, https:\/\/yogvibha.com\/wp-content\/uploads\/2024\/01\/Design-sans-titre-9-scaled-300x450.jpg 300w, https:\/\/yogvibha.com\/wp-content\/uploads\/2024\/01\/Design-sans-titre-9-scaled-600x900.jpg 600w, https:\/\/yogvibha.com\/wp-content\/uploads\/2024\/01\/Design-sans-titre-9-200x300.jpg 200w, https:\/\/yogvibha.com\/wp-content\/uploads\/2024\/01\/Design-sans-titre-9-768x1152.jpg 768w, https:\/\/yogvibha.com\/wp-content\/uploads\/2024\/01\/Design-sans-titre-9-1024x1536.jpg 1024w, https:\/\/yogvibha.com\/wp-content\/uploads\/2024\/01\/Design-sans-titre-9-1365x2048.jpg 1365w, https:\/\/yogvibha.com\/wp-content\/uploads\/2024\/01\/Design-sans-titre-9-scaled.jpg 1706w\" sizes=\"(max-width: 683px) 100vw, 683px\" \/><\/figure><\/div><h2 class=\"wp-block-heading eplus-wrapper\">Mes formations<\/h2><ul class=\"wp-block-list eplus-wrapper\"><li class=\"eplus-wrapper\">2018 &#8211; Le Moderne Yoga Teacher Training (200H),&nbsp;avec Rachelle Tresigni, en France&nbsp;<\/li>\n\n<li class=\"eplus-wrapper\">2019 &#8211; Yoga Hormone Therapy (60H), avec Dinah Rodriguez, au Br\u00e9sil<\/li>\n\n<li class=\"eplus-wrapper\">2020 &#8211; Yoga &amp; Astrologie (30h) avec L\u2019\u00e9cole du subtil, en France&nbsp;<\/li>\n\n<li class=\"eplus-wrapper\">2021 &#8211; Les fondations du Yin Yoga (50h) avec Helen Watkins, en France&nbsp;<\/li>\n\n<li class=\"eplus-wrapper\">2021 &#8211; Formation du Cacao Sacr\u00e9 (30h) avec Natalie Qwick, en distanciel<\/li>\n\n<li class=\"eplus-wrapper\">2021 &#8211; An Introduction to Holding Women&rsquo;s Circles, avec Sister Stories, en distanciel<\/li>\n\n<li class=\"eplus-wrapper\">2022 &#8211; Lithoth\u00e9rapie Positive (10h) avec Carole Smile, en France&nbsp;<\/li>\n\n<li class=\"eplus-wrapper\">2022 &#8211; L\u2019art du son (50h) avec Cl\u00e9lia Fran\u00e7ois, en France&nbsp;<\/li>\n\n<li class=\"eplus-wrapper\">2023 &#8211; Advanced Akhanda Yoga Teacher Training (300h) avec Guruji Vishvketu, en Inde<\/li>\n\n<li class=\"eplus-wrapper\">2024 &#8211; Befriending the Nervous System (10h) avec Rachelle Tresigni, en distanciel<\/li>\n\n<li>2024 &#8211; Yoga vinyasa, chamanisme et entrepreneuriat (30h) avec Anouk Coroller, en France<\/li>\n\n<li>2024 &#8211; Expressions of Power : adjustments (50h) avec Byron de Mars\u00e9 &amp; Michael Henri, \u00e0 Bali, Indon\u00e9sie<\/li>\n\n<li>2025 &#8211; Souplesse &amp; Mobilit\u00e9 (15h) avec Thomas V., \u00e0 Bordeaux, France <\/li><\/ul><figure class=\"wp-block-pullquote has-text-align-left eplus-wrapper has-background\" style=\"background:radial-gradient(rgb(187,222,240) 0%,rgb(255,255,255) 67%)\"><blockquote><p>\u00ab\u00a0Votre vrai vous est joyeux, joueur, sans peur, heureux, expansif et bienveillant.\u201d<\/p><cite> &#8211; Yogrishi Vishvketu<\/cite><\/blockquote><\/figure><h2 class=\"wp-block-heading eplus-wrapper\">Plus personnellement<\/h2><p class=\"eplus-wrapper\">Mes origines font vraiment de moi qui je suis : ma m\u00e8re est br\u00e9silienne, mon p\u00e8re franco-am\u00e9ricain, je suis n\u00e9e au Canada, j\u2019ai grandi en France, \u00e9tudier en Angleterre et beaucoup voyager.<\/p><p class=\"eplus-wrapper\">J\u2019ai un parcours universitaire et un master en communication et en marketing, que j\u2019aime employer de fa\u00e7on consciente et engag\u00e9e. J\u2019ai travaill\u00e9 en interne pendant 4 ans chez <a href=\"https:\/\/namastrip.com\/\" target=\"_blank\" rel=\"noopener\" title=\"\">Namastrip<\/a>, agence de voyage sp\u00e9cialis\u00e9e en retraites de yoga et plateforme de bien-\u00eatre en ligne.&nbsp;&nbsp;<\/p><div style=\"height:100px\" aria-hidden=\"true\" class=\"wp-block-spacer eplus-wrapper\"><\/div>","protected":false},"excerpt":{"rendered":"<p>Quand est-ce que je me sens la plus vivante ? Lorsque j\u2019enseigne et je transmets les diff\u00e9rentes pratiques qui ont chang\u00e9 ma vie et que[&#8230;]<\/p>\n","protected":false},"author":3,"featured_media":0,"parent":0,"menu_order":0,"comment_status":"closed","ping_status":"closed","template":"","meta":{"om_disable_all_campaigns":false,"editor_plus_copied_stylings":"{}","_monsterinsights_skip_tracking":false,"_monsterinsights_sitenote_active":false,"_monsterinsights_sitenote_note":"","_monsterinsights_sitenote_category":0,"footnotes":""},"class_list":["post-4839","page","type-page","status-publish","hentry"],"aioseo_notices":[],"jetpack_sharing_enabled":true,"_links":{"self":[{"href":"https:\/\/yogvibha.com\/index.php\/wp-json\/wp\/v2\/pages\/4839"}],"collection":[{"href":"https:\/\/yogvibha.com\/index.php\/wp-json\/wp\/v2\/pages"}],"about":[{"href":"https:\/\/yogvibha.com\/index.php\/wp-json\/wp\/v2\/types\/page"}],"author":[{"embeddable":true,"href":"https:\/\/yogvibha.com\/index.php\/wp-json\/wp\/v2\/users\/3"}],"replies":[{"embeddable":true,"href":"https:\/\/yogvibha.com\/index.php\/wp-json\/wp\/v2\/comments?post=4839"}],"version-history":[{"count":61,"href":"https:\/\/yogvibha.com\/index.php\/wp-json\/wp\/v2\/pages\/4839\/revisions"}],"predecessor-version":[{"id":6350,"href":"https:\/\/yogvibha.com\/index.php\/wp-json\/wp\/v2\/pages\/4839\/revisions\/6350"}],"wp:attachment":[{"href":"https:\/\/yogvibha.com\/index.php\/wp-json\/wp\/v2\/media?parent=4839"}],"curies":[{"name":"wp","href":"https:\/\/api.w.org\/{rel}","templated":true}]}}