{"id":4738,"date":"2022-01-10T23:02:46","date_gmt":"2022-01-10T23:02:46","guid":{"rendered":"https:\/\/bloomtest.kobathemes.com\/?page_id=2"},"modified":"2024-07-19T17:37:52","modified_gmt":"2024-07-19T15:37:52","slug":"retraites","status":"publish","type":"page","link":"https:\/\/yogvibha.com\/index.php\/retraites\/","title":{"rendered":"Retraites"},"content":{"rendered":"<div class=\" wp-block-cover eplus-wrapper\" style=\"min-height:419px;aspect-ratio:unset;aspect-ratio:unset;\"><span aria-hidden=\"true\" class=\"wp-block-cover__background has-background-dim\"><\/span><img loading=\"lazy\" decoding=\"async\" width=\"960\" height=\"540\" class=\"wp-block-cover__image-background wp-image-5798\" alt=\"\" src=\"https:\/\/yogvibha.com\/wp-content\/uploads\/2024\/07\/Atelier-Bandras-panayama-Dyana.jpg\" data-object-fit=\"cover\" srcset=\"https:\/\/yogvibha.com\/wp-content\/uploads\/2024\/07\/Atelier-Bandras-panayama-Dyana.jpg 960w, https:\/\/yogvibha.com\/wp-content\/uploads\/2024\/07\/Atelier-Bandras-panayama-Dyana-300x169.jpg 300w, https:\/\/yogvibha.com\/wp-content\/uploads\/2024\/07\/Atelier-Bandras-panayama-Dyana-768x432.jpg 768w, https:\/\/yogvibha.com\/wp-content\/uploads\/2024\/07\/Atelier-Bandras-panayama-Dyana-600x338.jpg 600w\" sizes=\"(max-width: 960px) 100vw, 960px\" \/><div class=\"wp-block-cover__inner-container is-layout-flow wp-block-cover-is-layout-flow\"><p class=\" has-text-align-center has-large-font-size eplus-wrapper\"><\/p><\/div><\/div><div style=\"height:50px\" aria-hidden=\"true\" class=\" wp-block-spacer eplus-wrapper\"><\/div><p class=\" has-text-align-center eplus-wrapper\">Je travaille avec une agence de voyage sp\u00e9cialis\u00e9e dans les retraites et les s\u00e9jours de yoga en France \u00e0 l&rsquo;\u00e9tranger. Toute l&rsquo;\u00e9quipe de <strong>Namastrip<\/strong> cr\u00e9e des voyages incroyables avec beaucoup de soin et s&rsquo;efforcent \u00e0 vous offrir la meilleure exp\u00e9rience qui soit !<\/p><p class=\" has-text-align-center eplus-wrapper\"><em>D\u00e9couvrez toutes mes s\u00e9jours \u00e0 venir <strong>en bas de page<\/strong> de ma page de pr\u00e9sentation.<\/em> <\/p><div class=\" wp-block-buttons eplus-wrapper is-content-justification-center is-layout-flex wp-container-core-buttons-is-layout-1 wp-block-buttons-is-layout-flex\"><div class=\" wp-block-button eplus-wrapper eplus-styles-uid-67e7b9\"><a class=\"wp-block-button__link has-white-color has-text-color has-background has-link-color has-text-align-center wp-element-button\" href=\"https:\/\/namastrip.com\/pages\/milena-ponsart\" style=\"background-color:#9c7d51\" target=\"_blank\" rel=\"noreferrer noopener\">D\u00e9couvrir tous les s\u00e9jours<\/a><\/div><\/div><div style=\"height:20px\" aria-hidden=\"true\" class=\" wp-block-spacer eplus-wrapper\"><\/div><div style=\"height:100px\" aria-hidden=\"true\" class=\" wp-block-spacer eplus-wrapper\"><\/div>","protected":false},"excerpt":{"rendered":"<p>Je travaille avec une agence de voyage sp\u00e9cialis\u00e9e dans les retraites et les s\u00e9jours de yoga en France \u00e0 l&rsquo;\u00e9tranger. Toute l&rsquo;\u00e9quipe de Namastrip cr\u00e9e[&#8230;]<\/p>\n","protected":false},"author":1,"featured_media":0,"parent":0,"menu_order":0,"comment_status":"closed","ping_status":"open","template":"","meta":{"om_disable_all_campaigns":false,"editor_plus_copied_stylings":"{}","_monsterinsights_skip_tracking":false,"_monsterinsights_sitenote_active":false,"_monsterinsights_sitenote_note":"","_monsterinsights_sitenote_category":0,"footnotes":""},"class_list":["post-4738","page","type-page","status-publish","hentry"],"aioseo_notices":[],"jetpack_sharing_enabled":true,"_links":{"self":[{"href":"https:\/\/yogvibha.com\/index.php\/wp-json\/wp\/v2\/pages\/4738"}],"collection":[{"href":"https:\/\/yogvibha.com\/index.php\/wp-json\/wp\/v2\/pages"}],"about":[{"href":"https:\/\/yogvibha.com\/index.php\/wp-json\/wp\/v2\/types\/page"}],"author":[{"embeddable":true,"href":"https:\/\/yogvibha.com\/index.php\/wp-json\/wp\/v2\/users\/1"}],"replies":[{"embeddable":true,"href":"https:\/\/yogvibha.com\/index.php\/wp-json\/wp\/v2\/comments?post=4738"}],"version-history":[{"count":21,"href":"https:\/\/yogvibha.com\/index.php\/wp-json\/wp\/v2\/pages\/4738\/revisions"}],"predecessor-version":[{"id":5831,"href":"https:\/\/yogvibha.com\/index.php\/wp-json\/wp\/v2\/pages\/4738\/revisions\/5831"}],"wp:attachment":[{"href":"https:\/\/yogvibha.com\/index.php\/wp-json\/wp\/v2\/media?parent=4738"}],"curies":[{"name":"wp","href":"https:\/\/api.w.org\/{rel}","templated":true}]}}